{"id":95,"date":"2014-05-15T16:18:14","date_gmt":"2014-05-15T14:18:14","guid":{"rendered":"http:\/\/slowakei-leipzig.de\/?page_id=95"},"modified":"2025-11-03T12:58:23","modified_gmt":"2025-11-03T10:58:23","slug":"botschaft-der-slowakischen-republik","status":"publish","type":"page","link":"https:\/\/slowakei-leipzig.de\/?page_id=95","title":{"rendered":"Vertretungen der Slowakischen Republik"},"content":{"rendered":"<div class=\"wp-block-group\">\n<div class=\"wp-block-group__inner-container is-layout-constrained wp-block-group-is-layout-constrained\">\n<p><span style=\"color: #000000;\"><strong>Botschaft der Slowakischen Republik in Berlin<\/strong><\/span> <br \/><span style=\"color: #000000;\">Hildebrandstra\u00dfe 25, 10785 Berlin<\/span><br \/><span style=\"color: #000000;\">Leiteung: <strong>S. E. Juraj Mach\u00e1\u010d<\/strong>, au\u00dferordentlicher und bevollm\u00e4chtigter Botschafter (seit 2025)<\/span><br \/><span style=\"color: #000000;\">Empfang: +49 30 &#8211; 88 926 200<\/span><br \/><span style=\"color: #000000;\">Konsularabteilung: +49 30 &#8211; 88 926-201, 214, 217 <\/span><br \/><span style=\"color: #000000;\">E-Mail:<\/span> <span style=\"color: #3366ff;\"><a style=\"color: #3366ff;\" href=\"mailto:cons.berlin@mzv.sk\">cons.berlin( at )mzv.sk<\/a>, <\/span><a href=\"mailto:konsularabteilung@mzv.sk\"><span style=\"color: #0000ff;\"><span style=\"color: #3366ff;\">konsularabteilung( at )mzv.sk<\/span><\/span><\/a><br \/><span style=\"color: #000000;\">Webseite:<\/span> <a href=\"http:\/\/www.mzv.sk\/berlin\"><span style=\"color: #0000ff;\"><span style=\"color: #3366ff;\">www.mzv.sk\/berlin<\/span><\/span><\/a><\/p>\n<p><span style=\"color: #000000;\"><strong>Slowakisches Institut<\/strong><\/span><br \/><span style=\"color: #000000;\">Hildebrandstra\u00dfe 25, 10785 Berlin<\/span><br \/><span style=\"color: #000000;\">Leitung: <strong>Zuzana Megov\u00e1<\/strong> (seit 2022\/23)<\/span><br \/><span style=\"color: #000000;\">E-Mail:<\/span> <a href=\"mailto:institut@botschaft-slowakei.de\"><span style=\"color: #3366ff;\">institut( at )botschaft-slowakei.de<\/span> <\/a><br data-rich-text-line-break=\"true\" \/><span style=\"color: #000000;\">Webseite: <\/span><a href=\"https:\/\/www.mzv.sk\/sk\/web\/siberlin\"><span style=\"color: #3366ff;\">www.mzv.sk\/sk\/web\/siberlin<\/span><\/a><\/p>\n<p><span style=\"color: #000000;\"><strong>Generalkonsulat der Slowakischen Republik in M\u00fcnchen<\/strong><\/span><br \/><span style=\"color: #000000;\">Leiter: <strong>Jozef Kor\u010dek<\/strong> (seit 2022)<\/span><br \/><span style=\"color: #000000;\">Vollmannstr. 25 d, 81925 M\u00fcnchen<\/span><br data-rich-text-line-break=\"true\" \/><span style=\"color: #000000;\">Tel.: +49 (0)89 92334900<\/span><br data-rich-text-line-break=\"true\" \/><span style=\"color: #000000;\">E-Mail:<\/span> <a href=\"mailto:cg.munich@mzv.sk\"><span style=\"color: #3366ff;\">cg.munich( at )mzv.sk<\/span><\/a><br data-rich-text-line-break=\"true\" \/><span style=\"color: #000000;\">Webseite:<\/span> <a href=\"http:\/\/www.mzv.sk\/gkmnichov\"><span style=\"color: #3366ff;\">www.mzv.sk\/gkmnichov<\/span><\/a><\/p>\n<p><span style=\"color: #000000;\"><strong>Honorarkonsul der Slowakischen Republik in Bad Homburg<\/strong><\/span><br \/><span style=\"color: #000000;\">Honorarkonsul: <strong>Imrich Donath<\/strong> (seit 2002)<\/span><br data-rich-text-line-break=\"true\" \/><span style=\"color: #000000;\">Dietigheimerstr. 21, 61350 Bad Homburg<\/span><br data-rich-text-line-break=\"true\" \/><span style=\"color: #000000;\">Tel.: 06172-29759<\/span><br \/><span style=\"color: #000000;\">E-Mail:<\/span> <span style=\"color: #3366ff;\"><a style=\"color: #3366ff;\" href=\"mailto:donath@slowakeiinfo.de\">donath<\/a><a style=\"color: #3366ff;\" href=\"mailto:institut@botschaft-slowakei.de\">( at )<\/a><\/span><a href=\"mailto:donath@slowakeiinfo.de\"><span style=\"color: #3366ff;\">slowakeiinfo.de<\/span><\/a><br data-rich-text-line-break=\"true\" \/><span style=\"color: #000000;\">Webseite: <\/span><a href=\"http:\/\/www.slowakeiinfo.de\"><span style=\"color: #3366ff;\">www.slowakeiinfo.de<\/span><\/a> <br data-rich-text-line-break=\"true\" \/><span style=\"color: #000000;\">Konsularbezirk: Hessen<\/span><\/p>\n<p><span style=\"color: #000000;\"><strong>Honorarkonsul der Slowakischen Republik in Hamburg<\/strong><\/span><br \/><span style=\"color: #000000;\">Honorarkonsul: <strong>Dr. Michael Stein<\/strong> (seit 2019)<\/span><br data-rich-text-line-break=\"true\" \/><span style=\"color: #000000;\">Am Sandtorkai 76, 20457 Hamburg<\/span><br data-rich-text-line-break=\"true\" \/><span style=\"color: #000000;\">Tel.: +49 40 41 34 41 110<\/span><br data-rich-text-line-break=\"true\" \/><span style=\"color: #000000;\">E-Mail:<\/span> <a href=\"mailto:honorarkonsul@slowakei-hamburg.eu\"><span style=\"color: #3366ff;\">honorarkonsul( at )slowakei-hamburg.eu<\/span><\/a><br data-rich-text-line-break=\"true\" \/><span style=\"color: #000000;\">Webseite:<\/span> <a href=\"http:\/\/www.slowakei-hamburg.eu\"><span style=\"color: #3366ff;\">www.slowakei-hamburg.eu<\/span><\/a><br data-rich-text-line-break=\"true\" \/><span style=\"color: #000000;\">Facebook:<\/span><a href=\"http:\/\/www.facebook.com\/Honor\u00e1rny-konzul\u00e1t-Slovenskej-republiky-v-Hamburgu\"><span style=\"color: #3366ff;\"> www.facebook.com\/Honor\u00e1rny-konzul\u00e1t-Slovenskej-republiky-v-Hamburgu<\/span><\/a><br data-rich-text-line-break=\"true\" \/><span style=\"color: #000000;\">Konsularbezirke: Hamburg, Schleswig-Hollstein<\/span><\/p>\n<p><span style=\"color: #000000;\"><strong>Honorarkonsul der Slowakischen Republik in Hildesheim<\/strong><\/span><br \/><span style=\"color: #000000;\">Honorarkonsul: <strong>Dirk Bettels<\/strong> (seit 2001)<\/span><br data-rich-text-line-break=\"true\" \/><span style=\"color: #000000;\">Kalenberger Graben 14, 31134 Hildesheim<\/span><br data-rich-text-line-break=\"true\" \/><span style=\"color: #000000;\">Tel.: +49 5121 999 08 04<\/span><br data-rich-text-line-break=\"true\" \/><span style=\"color: #000000;\">E-Mail:<\/span> <a href=\"http:\/\/slowakei-leipzig.de\/wp-admin\/honorarkonsul@bettels.de\"><span style=\"color: #3366ff;\">Honorarkonsul( at )bettels.de<\/span><\/a><br data-rich-text-line-break=\"true\" \/><span style=\"color: #000000;\">Webseite:<\/span> <a href=\"http:\/\/www.honorarkonsul.com\"><span style=\"color: #3366ff;\">www.honorarkonsul.com<\/span><\/a><br data-rich-text-line-break=\"true\" \/><span style=\"color: #000000;\">Konsularbezirk: Bremen, Niedersachsen, Sachsen-Anhalt<\/span><\/p>\n<p><span style=\"color: #000000;\"><strong>Honorarkonsul der Slowakischen Republik in Leipzig<\/strong><\/span><br \/><span style=\"color: #000000;\">Honorarkonsul: <strong>Dr. Albrecht Tintelnot<\/strong> (seit 2014)<\/span><br data-rich-text-line-break=\"true\" \/><span style=\"color: #000000;\">M\u00e4dler-Passage, Aufgang B | Grimmaische Str. 2-4 |04109 Leipzig<\/span><br data-rich-text-line-break=\"true\" \/><span style=\"color: #000000;\">c\/o GRUENDELPARTNER Rechtsanw\u00e4lte Steuerberater Wirtschaftspr\u00fcfer PartGmbB<\/span><br data-rich-text-line-break=\"true\" \/><span style=\"color: #000000;\">Tel.: +49 (0)341 231062-54<\/span><br data-rich-text-line-break=\"true\" \/><span style=\"color: #000000;\">E-Mail:<\/span> <a href=\"http:\/\/slowakei-leipzig.de\/wp-admin\/honorarkonsul@slowakei-leipzig.de\"><span style=\"color: #3366ff;\">honorarkonsul( at )slowakei-leipzig.de<\/span><\/a><br data-rich-text-line-break=\"true\" \/><span style=\"color: #000000;\">Webseite:<\/span> <a href=\"http:\/\/www.slowakei-leipzig.de\"><span style=\"color: #3366ff;\">www.slowakei-leipzig.de<\/span><\/a><br data-rich-text-line-break=\"true\" \/><span style=\"color: #000000;\">Facebook:<\/span> <a href=\"http:\/\/www.facebook.com\/slowakei.leipzig\"><span style=\"color: #3366ff;\">www.facebook.com\/slowakei.leipzig<\/span><\/a><br data-rich-text-line-break=\"true\" \/><span style=\"color: #000000;\">Konsularbezirke: Sachsen, Th\u00fcringen<\/span><\/p>\n<p><span style=\"color: #000000;\"><strong>Honorarkonsul der Slowakischen Republik in Stuttgart<\/strong><\/span><br \/><span style=\"color: #000000;\">Honorarkonsul: <strong>Hartmut St\u00fctzer<\/strong> (seit 2023)<\/span><br \/><span style=\"color: #000000;\">K\u00f6nigstra\u00dfe 17, 70173 Stuttgart<\/span><br data-rich-text-line-break=\"true\" \/><span style=\"color: #000000;\">Tel.: 0711-22739-18<\/span><br data-rich-text-line-break=\"true\" \/><span style=\"color: #000000;\">E-Mail:<\/span> <a href=\"mailto:sk-hk-stuttgart@ekvm.de\"><span style=\"color: #3366ff;\">sk-hk-stuttgart( at )ekvm.de<\/span><\/a> <br \/><span style=\"color: #000000;\">Websteite: <\/span><a href=\"http:\/\/www.hk-slowakei-stuttgart.de\"><span style=\"color: #3366ff;\">www.hk-slowakei-stuttgart.de<\/span><\/a><br \/><span style=\"color: #000000;\">Konsularbezirk: Baden-W\u00fcrttemberg, Rheinland-Pfalz, Saarland<\/span><\/p>\n<p><strong><span style=\"color: #000000;\">Honorarkonsul der Slowakischen Republik in Rostock<\/span><br \/><\/strong><span style=\"color: #000000;\">Honorarkonsul: <strong>Martin Zavracky<\/strong> (seit 2025)<\/span><br \/><span style=\"color: #000000;\">Am Kreuzgraben 1a\/b, 18146 Rostock<br \/>E-Mail: <a class=\"c-address-list__element-link i-mail\" title=\"kontakt@honorarkonsulat-slowakei.de\" href=\"mailto:kontakt@honorarkonsulat-slowakei.de\" target=\"_blank\" rel=\"noopener\">kontakt@honorarkonsulat-slowakei.de<\/a><br \/><\/span><span style=\"color: #000000;\">Konsularbezirk: Mecklenburg-Vorpommern<\/span><\/p>\n<\/p>\n<\/p>\n<\/p>\n<p class=\"MsoNormal\">\n<\/div>\n<\/div>\n","protected":false},"excerpt":{"rendered":"<p>Botschaft der Slowakischen Republik in Berlin Hildebrandstra\u00dfe 25, 10785 BerlinLeiteung: S. E. Juraj Mach\u00e1\u010d, au\u00dferordentlicher und bevollm\u00e4chtigter Botschafter (seit 2025)Empfang: +49 30 &#8211; 88 926 200Konsularabteilung: +49 30 &#8211; 88 926-201, 214, 217 E-Mail: cons.berlin( at )mzv.sk, konsularabteilung( at )mzv.skWebseite: www.mzv.sk\/berlin Slowakisches InstitutHildebrandstra\u00dfe 25, 10785 BerlinLeitung: Zuzana Megov\u00e1 (seit 2022\/23)E-Mail: institut( at )botschaft-slowakei.de Webseite: www.mzv.sk\/sk\/web\/siberlin [&hellip;]<\/p>\n","protected":false},"author":1,"featured_media":0,"parent":85,"menu_order":0,"comment_status":"closed","ping_status":"closed","template":"","meta":{"footnotes":""},"class_list":["post-95","page","type-page","status-publish","hentry"],"_links":{"self":[{"href":"https:\/\/slowakei-leipzig.de\/index.php?rest_route=\/wp\/v2\/pages\/95","targetHints":{"allow":["GET"]}}],"collection":[{"href":"https:\/\/slowakei-leipzig.de\/index.php?rest_route=\/wp\/v2\/pages"}],"about":[{"href":"https:\/\/slowakei-leipzig.de\/index.php?rest_route=\/wp\/v2\/types\/page"}],"author":[{"embeddable":true,"href":"https:\/\/slowakei-leipzig.de\/index.php?rest_route=\/wp\/v2\/users\/1"}],"replies":[{"embeddable":true,"href":"https:\/\/slowakei-leipzig.de\/index.php?rest_route=%2Fwp%2Fv2%2Fcomments&post=95"}],"version-history":[{"count":54,"href":"https:\/\/slowakei-leipzig.de\/index.php?rest_route=\/wp\/v2\/pages\/95\/revisions"}],"predecessor-version":[{"id":3038,"href":"https:\/\/slowakei-leipzig.de\/index.php?rest_route=\/wp\/v2\/pages\/95\/revisions\/3038"}],"up":[{"embeddable":true,"href":"https:\/\/slowakei-leipzig.de\/index.php?rest_route=\/wp\/v2\/pages\/85"}],"wp:attachment":[{"href":"https:\/\/slowakei-leipzig.de\/index.php?rest_route=%2Fwp%2Fv2%2Fmedia&parent=95"}],"curies":[{"name":"wp","href":"https:\/\/api.w.org\/{rel}","templated":true}]}}