{"id":92,"date":"2014-05-15T16:17:46","date_gmt":"2014-05-15T14:17:46","guid":{"rendered":"http:\/\/slowakei-leipzig.de\/?page_id=92"},"modified":"2021-11-09T13:25:16","modified_gmt":"2021-11-09T11:25:16","slug":"tourismus","status":"publish","type":"page","link":"https:\/\/slowakei-leipzig.de\/?page_id=92","title":{"rendered":"Landeskunde und Tourismus"},"content":{"rendered":"<h6><strong>L\u00e4nderinformationen\/Portale<\/strong><\/h6>\n<ul>\n<li><a href=\"http:\/\/www.auswaertiges-amt.de\/DE\/Laenderinformationen\/00-SiHi\/SlowakeiSicherheit.html\" target=\"_blank\" rel=\"noopener noreferrer\">L\u00e4nder- und Reiseinformationen des ausw\u00e4rtigen Amtes<\/a> (BRD)<\/li>\n<li><a href=\"http:\/\/slowakei-online.info\/\" target=\"_blank\" rel=\"noopener noreferrer\">Publikations-Service Slowakei<\/a><\/li>\n<li><a href=\"http:\/\/www.slowakei-net.de\/\" target=\"_blank\" rel=\"noopener noreferrer\">Slowakei-Net.de<\/a><\/li>\n<li><a href=\"http:\/\/slovakia.eu.sk\/\" target=\"_blank\" rel=\"noopener noreferrer\">Slovakia.eu.sk<\/a> (thematisch sortierte Themen zu Sehenswertem in der Slowakei)<\/li>\n<li><a href=\"http:\/\/www.slovakia.travel\/\" target=\"_blank\" rel=\"noopener noreferrer\">Slovakia Travel<\/a><\/li>\n<li><a href=\"http:\/\/www.slovakiatravels.com\" target=\"_blank\" rel=\"noopener noreferrer\">Slovakia Travels<\/a><\/li>\n<li><a href=\"http:\/\/www.sacr.sk\" target=\"_blank\" rel=\"noopener noreferrer\">Slowakische Zentrale f\u00fcr Tourismus<\/a><\/li>\n<li><a href=\"http:\/\/www.auswaertiges-amt.de\/www\/de\/laenderinfos\/laender\/laender_ausgabe_html?land_id=154\" target=\"_blank\" rel=\"noopener noreferrer\">Statistische Informationen des Ausw\u00e4rtigen Amtes<\/a> (BRD)<\/li>\n<li><a href=\"http:\/\/www.travelguide.sk\/\" target=\"_blank\" rel=\"noopener noreferrer\">Travelguide.sk <\/a>(Unterkunft und allgemeine Informationen)<\/li>\n<li><a href=\"http:\/\/profil.kultury.sk\/en\/\" target=\"_blank\" rel=\"noopener noreferrer\">Infoportal: Profil Slowakischer Kultu<\/a>r (Universit\u00e4tsbibliothek Bratislava)<\/li>\n<\/ul>\n<h6><strong>ausgew\u00e4hlte Links<br \/>\n<\/strong><\/h6>\n<ul>\n<li><a href=\"http:\/\/www.bha.sk\" target=\"_blank\" rel=\"noopener noreferrer\">Bratislava Hotels association<\/a><\/li>\n<li>Burgen und Schl\u00f6sser<\/li>\n<li><a href=\"http:\/\/www.pamiatky.sk\/en\" target=\"_blank\" rel=\"noopener noreferrer\">Denkmalamt der Slowakei\/pamiatkov\u00fd \u00farad SR<\/a><\/li>\n<li><a href=\"http:\/\/www.zsr.sk\" target=\"_blank\" rel=\"noopener noreferrer\">Eisenbahnen der Slowakischen Republik (ZSR)<\/a><\/li>\n<li>H\u00f6hlen<\/li>\n<li><a href=\"http:\/\/www.kosice2013.sk\/\" target=\"_blank\" rel=\"noopener noreferrer\">Ko\u0161ice &#8211; Europ\u00e4ische Kulturhauptstadt 2013<\/a><\/li>\n<li>Nationalparks<\/li>\n<li><a href=\"http:\/\/www.danubeparks.org\" target=\"_blank\" rel=\"noopener noreferrer\">Netzwerk Donauschutzgebiete<\/a><\/li>\n<li><a href=\"http:\/\/www.mycentrope.com\/sk\/home\" target=\"_blank\" rel=\"noopener noreferrer\">Region Centrop\u00e9<\/a> (Tschechien, Slowakei, \u00d6strreich, Ungarn)<\/li>\n<li>Skigebiete<\/li>\n<li>St\u00e4dte<\/li>\n<li><a href=\"http:\/\/whc.unesco.org\/en\/statesparties\/sk\" target=\"_blank\" rel=\"noopener noreferrer\">UNESCO-Weltkulturerbe der Slowakei<\/a><\/li>\n<\/ul>\n<h6><strong> Karten<\/strong><\/h6>\n<ul>\n<li><a href=\"http:\/\/www.mapanarodneparky.sk\/sk\" target=\"_blank\" rel=\"noopener noreferrer\">Karte der Slowakischen Nationalparks<\/a><\/li>\n<li><a href=\"http:\/\/www.look4sk.com\/\" target=\"_blank\" rel=\"noopener noreferrer\">Karten und Stadtpl\u00e4ne <\/a>(auf Englisch)<\/li>\n<li><a href=\"http:\/\/mapy.zoznam.sk\/\" target=\"_blank\" rel=\"noopener noreferrer\">Karten und Stadtpl\u00e4ne <\/a>(auf Slowakisch)<\/li>\n<\/ul>\n<h6><\/h6>\n<h6><strong>ausgew\u00e4hlte kulturelle Einrichtungen<\/strong><\/h6>\n<ul>\n<li><a href=\"http:\/\/www.andywarhol.sk\" target=\"_blank\" rel=\"noopener noreferrer\">Andy Warhol Museum<\/a><\/li>\n<li><a href=\"http:\/\/www.sng.sk\/en\/uvod\" target=\"_blank\" rel=\"noopener noreferrer\">Slowakische Nationalgalerie<\/a><\/li>\n<\/ul>\n<p style=\"padding-left: 30px;\">&#8212;<\/p>\n<p style=\"padding-left: 30px;\"><strong>Slowakische Zentrale f\u00fcr Tourismus<\/strong><strong><br \/>\nVertretung Deutschland<\/strong><\/p>\n<p style=\"padding-left: 30px;\">Zimmerstr. 27<br \/>\n10969 Berlin<br \/>\nTel.: 030-25 94 26 40<br \/>\nFax: 030-25 94 26 41<br \/>\nE-Mail: <a href=\"mailto:tourismus@botschaft-slowakei.de\">tourismus@botschaft-slowakei.de<\/a><br \/>\nInternet: \u00a0<a href=\"http:\/\/www.slovakia.travel\/\">http:\/\/www.slovakia.travel<\/a><\/p>\n<p><strong>\u00a0<\/strong><\/p>\n","protected":false},"excerpt":{"rendered":"<p>L\u00e4nderinformationen\/Portale L\u00e4nder- und Reiseinformationen des ausw\u00e4rtigen Amtes (BRD) Publikations-Service Slowakei Slowakei-Net.de Slovakia.eu.sk (thematisch sortierte Themen zu Sehenswertem in der Slowakei) Slovakia Travel Slovakia Travels Slowakische Zentrale f\u00fcr Tourismus Statistische Informationen des Ausw\u00e4rtigen Amtes (BRD) Travelguide.sk (Unterkunft und allgemeine Informationen) Infoportal: Profil Slowakischer Kultur (Universit\u00e4tsbibliothek Bratislava) ausgew\u00e4hlte Links Bratislava Hotels association Burgen und Schl\u00f6sser Denkmalamt der [&hellip;]<\/p>\n","protected":false},"author":1,"featured_media":0,"parent":85,"menu_order":2,"comment_status":"closed","ping_status":"closed","template":"","meta":{"footnotes":""},"class_list":["post-92","page","type-page","status-publish","hentry"],"_links":{"self":[{"href":"https:\/\/slowakei-leipzig.de\/index.php?rest_route=\/wp\/v2\/pages\/92","targetHints":{"allow":["GET"]}}],"collection":[{"href":"https:\/\/slowakei-leipzig.de\/index.php?rest_route=\/wp\/v2\/pages"}],"about":[{"href":"https:\/\/slowakei-leipzig.de\/index.php?rest_route=\/wp\/v2\/types\/page"}],"author":[{"embeddable":true,"href":"https:\/\/slowakei-leipzig.de\/index.php?rest_route=\/wp\/v2\/users\/1"}],"replies":[{"embeddable":true,"href":"https:\/\/slowakei-leipzig.de\/index.php?rest_route=%2Fwp%2Fv2%2Fcomments&post=92"}],"version-history":[{"count":16,"href":"https:\/\/slowakei-leipzig.de\/index.php?rest_route=\/wp\/v2\/pages\/92\/revisions"}],"predecessor-version":[{"id":2279,"href":"https:\/\/slowakei-leipzig.de\/index.php?rest_route=\/wp\/v2\/pages\/92\/revisions\/2279"}],"up":[{"embeddable":true,"href":"https:\/\/slowakei-leipzig.de\/index.php?rest_route=\/wp\/v2\/pages\/85"}],"wp:attachment":[{"href":"https:\/\/slowakei-leipzig.de\/index.php?rest_route=%2Fwp%2Fv2%2Fmedia&parent=92"}],"curies":[{"name":"wp","href":"https:\/\/api.w.org\/{rel}","templated":true}]}}