{"id":89,"date":"2014-05-15T16:17:34","date_gmt":"2014-05-15T14:17:34","guid":{"rendered":"http:\/\/slowakei-leipzig.de\/?page_id=89"},"modified":"2021-12-09T13:46:31","modified_gmt":"2021-12-09T11:46:31","slug":"institutionen","status":"publish","type":"page","link":"https:\/\/slowakei-leipzig.de\/?page_id=89","title":{"rendered":"Institutionen"},"content":{"rendered":"<p>Hier finden Sie Links zu deutschen Institutionen in der Slowakei, slowakischen Institutionen in Deutschland und deutsch-slowakischen Institutionen im Allgemeinen. Die Links sind thematisch sortiert. Kein Anspruch auf Vollst\u00e4ndigkeit.<\/p>\n<p>F\u00fcr weiterf\u00fchrende Informationen im Bereich Tourismus und L\u00e4nderinformationen geht es <a title=\"Tourismus\" href=\"http:\/\/slowakei-leipzig.de\/?page_id=92\">hier<\/a> weiter.<\/p>\n<h6><strong>Allgemein<\/strong><\/h6>\n<ul>\n<li><a href=\"http:\/\/www.siberlin.mfa.sk\/App\/WCM\/ZU\/BerlinSI\/main.nsf?Open\" target=\"_blank\" rel=\"noopener noreferrer\">Slowakisches Institut Berlin<\/a><\/li>\n<li><a href=\"http:\/\/www.mzv.sk\/sk\/ministerstvo\/kulturna_diplomacia-slovenske_instituty\" target=\"_blank\" rel=\"noopener noreferrer\">Slowakische Institute<\/a> (\u00dcbersicht)<\/li>\n<li><a href=\"http:\/\/www.dtsg.de\" target=\"_blank\" rel=\"noopener noreferrer\">Deutsch-Tschechische und Slowakische Gesellschaft e.V. (DTSG)<\/a>, Berlin<\/li>\n<\/ul>\n<ul>\n<li><a href=\"https:\/\/www.bmst.eu\/\" target=\"_blank\" rel=\"noopener noreferrer\">Br\u00fccke\/Most-Stiftung<\/a>, Dresden<\/li>\n<li><a href=\"http:\/\/www.kulturforum.info\/de\/startseite-de\/1019467-laender-regionen\/1000084-slowakei\" target=\"_blank\" rel=\"noopener noreferrer\">Deutsches Kulturforum \u00f6stliches Europa<\/a> (Infos und Veranstaltungen zur Slowakei)<\/li>\n<li>Initiative <a href=\"https:\/\/de-de.facebook.com\/Tschechologisch.Slovakoklar\" target=\"_blank\" rel=\"noopener noreferrer\">Tschechologisch?Slovakoklar!<\/a> in Leipzig<\/li>\n<li><a href=\"http:\/\/www.mitost.de\/\" target=\"_blank\" rel=\"noopener noreferrer\">MitOst &#8211; Verein f\u00fcr Kultur- und Sprachaustausch mit mittel- und osteurop\u00e4ischen L\u00e4ndern e. V. <\/a><\/li>\n<li><a href=\"http:\/\/www.scholaludus.org\" target=\"_blank\" rel=\"noopener noreferrer\">Schola ludus- Tschechisch-deutsch-slowaksicher Bildungsverein e.V.<\/a> in Dresden<\/li>\n<li>Verein <a href=\"http:\/\/slovacivsasku.de\" target=\"_blank\" rel=\"noopener noreferrer\">Slowaken in Sachsen \/ Slov\u00e1ci v Sasku e.V.<\/a> in Dresden<\/li>\n<li>Slowakische Gemeinschaft <a href=\"https:\/\/www.facebook.com\/pages\/category\/Community-Service\/SME-Berlin-1500951946680337\/\">SME Berlin<\/a> in Berlin<\/li>\n<\/ul>\n<ul>\n<li><a href=\"http:\/\/www.humboldt-foundation.de\/web\/start.html\" target=\"_blank\" rel=\"noopener noreferrer\">Alexander von Humboldt Stiftung<\/a><\/li>\n<li><a href=\"http:\/\/www.fes.sk\/\" target=\"_blank\" rel=\"noopener noreferrer\">Friedrich-Ebert-Stiftung<\/a> in Bratislava<\/li>\n<li><a href=\"http:\/\/www.hss.de\/internationale-arbeit\/regionen-projekte\/europa\/slowakische-republik.html?tx_eepcollect_pi1[prozess]=add&amp;tx_eepcollect_pi1[pid]=1230&amp;tx_eepcollect_pi1[ctrl]=1423847272\" target=\"_blank\" rel=\"noopener noreferrer\">Hanns-Seidel-Stiftung<\/a><\/li>\n<li><a href=\"http:\/\/www.kas.de\/slowakei\/\" target=\"_blank\" rel=\"noopener noreferrer\">Konrad-Adenauer-Stiftung<\/a> (mit Verbindungsb\u00fcro in der Slowakei und umfangreichen Informationen)<\/li>\n<li><a href=\"http:\/\/www.bosch-stiftung.de\/content\/language1\/html\/index.asp\" target=\"_blank\" rel=\"noopener noreferrer\">Robert-Bosch-Stiftung<\/a><\/li>\n<\/ul>\n<ul>\n<li><a href=\"http:\/\/www.cei.int\/\" target=\"_blank\" rel=\"noopener noreferrer\">CEI &#8211; Central European Initiative<\/a><\/li>\n<li><a href=\"http:\/\/www.mycentrope.com\/de\" target=\"_blank\" rel=\"noopener noreferrer\">Die Centrope Region erleben<\/a><\/li>\n<li><a href=\"http:\/\/www.centrope.com\" target=\"_blank\" rel=\"noopener noreferrer\">Netzwerk Region Centrope<\/a><\/li>\n<li><a href=\"http:\/\/www.visegradgroup.eu\" target=\"_blank\" rel=\"noopener noreferrer\">Visegrad Gruppe<\/a><\/li>\n<\/ul>\n<h6><strong>Politik<\/strong><\/h6>\n<ul>\n<li><a href=\"http:\/\/www.botschaft-slowakei.de\/App\/WCM\/ZU\/BerlinZU\/main.nsf?Open\" target=\"_blank\" rel=\"noopener noreferrer\">Botschaft der Slowakischen Republik in Deutschland<\/a>\/Berlin<\/li>\n<li><a href=\"http:\/\/www.honorarkonsul.com\/\" target=\"_blank\" rel=\"noopener noreferrer\">Honorarkonsul der Slowakischen Republik in Hannover<\/a><\/li>\n<li><a href=\"http:\/\/www.slowakeiinfo.de\/links.html\" target=\"_blank\" rel=\"noopener noreferrer\">Honorarkonsul der Slowakischen Republik in Hildesheim<\/a><\/li>\n<li><a href=\"http:\/\/www.slowakei-leipzig.de\" target=\"_blank\" rel=\"noopener noreferrer\">Honorarkonsul der Slowakischen Republik in Leipzig<\/a><\/li>\n<li><a href=\"http:\/\/www.hk-slowakei-stuttgart.de\/\" target=\"_blank\" rel=\"noopener noreferrer\">Honorarkonsul der Slowakischen Republik in Stuttgart<\/a><\/li>\n<li><a href=\"https:\/\/www.auswaertiges-amt.de\/de\/aussenpolitik\/laender\/slowakei-node\/vertretungenslowakei\/206368?openAccordionId=item-227188-3-panel\">Honorarkonsul der Slowakischen Republik in Hamburg<\/a><\/li>\n<\/ul>\n<ul>\n<li><a href=\"http:\/\/www.slowakeiinfo.de\/links1.html\" target=\"_blank\" rel=\"noopener noreferrer\">Botschaft der Bundesrepublik Deutschland in der Slowakei<\/a><\/li>\n<li><a href=\"http:\/\/www.pressburg.diplo.de\/Vertretung\/pressburg\/de\/02\/Honorarkonsul\/Honorarkonsul__Kaschau.html\" target=\"_blank\" rel=\"noopener noreferrer\">Honorarkonsul der Bundesrepublik Deutschland in Ko\u0161ice<\/a><\/li>\n<li><a href=\"https:\/\/pressburg.diplo.de\/sk-sk\/velvyslanectvo\/honorarni-konzuli\/zilina\/1442604\">Honorarkonsul der Bundesrepublik Deutschland in \u017dilina<\/a><\/li>\n<\/ul>\n<ul>\n<li><a href=\"http:\/\/www.auswaertiges-amt.de\" target=\"_blank\" rel=\"noopener noreferrer\">Ausw\u00e4rtiges Amt der Bundesrepublik Deutschland<\/a><\/li>\n<li><a href=\"http:\/\/www.foreign.gov.sk\" target=\"_blank\" rel=\"noopener noreferrer\">Au\u00dfenministerium der Slowakischen Regierung<\/a><\/li>\n<li><a href=\"http:\/\/www.nrsr.sk\" target=\"_blank\" rel=\"noopener noreferrer\">Parlament der Slowakischen Republik<\/a><\/li>\n<li><a href=\"http:\/\/www.prezident.sk\" target=\"_blank\" rel=\"noopener noreferrer\">Pr\u00e4sident der Slowakischen Republik<\/a><\/li>\n<li><a href=\"http:\/\/www.vlada.gov.sk\/\" target=\"_blank\" rel=\"noopener noreferrer\">Regierung der Slowakischen Republik<\/a><\/li>\n<\/ul>\n<ul>\n<li><a href=\"http:\/\/www.landtag.sachsen.de\/de\/integration_migration\/der_saechsische_landesbeauftragte\/index.aspx\" target=\"_blank\" rel=\"noopener noreferrer\">S\u00e4chsischer Ausl\u00e4nderbeauftragter<\/a><\/li>\n<li><a href=\"http:\/\/www.internationales.sachsen.de\/index.html\" target=\"_blank\" rel=\"noopener noreferrer\">S\u00e4chsische Staatskanzlei &#8211; Internationales<\/a><\/li>\n<li><a href=\"http:\/\/www.thueringen.de\/th10\/ab\/index.aspx\" target=\"_blank\" rel=\"noopener noreferrer\">Th\u00fcringer Ausl\u00e4nderbeauftragte<\/a><\/li>\n<li><a href=\"http:\/\/www.thueringen.de\/th1\/tsk\/internationales\/index.aspx\" target=\"_blank\" rel=\"noopener noreferrer\">Th\u00fcringer Staatskanzlei &#8211; Internationales<\/a><\/li>\n<li><a href=\"http:\/\/www.uszz.sk\/sk\/\" target=\"_blank\" rel=\"noopener noreferrer\">\u00darad pre Slov\u00e1kov \u017eij\u00facich v zahrani\u010d\u00ed <\/a><\/li>\n<li><a href=\"http:\/\/www.mzv.sk\/sk\/sluzby_obcanom\/stredisko_pre_pomoc_obcanom\" target=\"_blank\" rel=\"noopener noreferrer\">Stredisko pre pomoc a slu\u017eby ob\u010danom<\/a><\/li>\n<\/ul>\n<h6><strong>Wirtschaft\/Arbeit<\/strong><\/h6>\n<ul>\n<li><a href=\"http:\/\/www.slowakeibusiness.de\" target=\"_blank\" rel=\"noopener noreferrer\">Business in der Slowakei<\/a><\/li>\n<li><a href=\"http:\/\/www.bvmw.de\/auslandsvertretungen\/auslandsbueros\/tschechien-slowakei.html\" target=\"_blank\" rel=\"noopener noreferrer\">BVMW &#8211; Bundesverband Mittelst\u00e4ndische Wirtschaft<\/a> &#8211; Verbindungsb\u00fcro Tschechien und Slowakei<\/li>\n<li><a href=\"http:\/\/www.dsihk.sk\" target=\"_blank\" rel=\"noopener noreferrer\">Deutsch-Slowakische Industrie- und Handelskammer<\/a><\/li>\n<li><a href=\"http:\/\/www.dtsw.de\/\" target=\"_blank\" rel=\"noopener noreferrer\">Deutsch-Tschechische und Deutsch-Slowakische Wirtschaftvereinigung e.V.<\/a><\/li>\n<li><a href=\"http:\/\/www.imoe.de\/laenderinfo-slowakei.html\" target=\"_blank\" rel=\"noopener noreferrer\">imoe &#8211; Informationsagentur Mittel- und Osteuropa GmbH<\/a> (L\u00e4nderinformationen)<\/li>\n<li><a href=\"http:\/\/www.thueringen-international.de\/\" target=\"_blank\" rel=\"noopener noreferrer\">LEG Th\u00fcringen International<\/a> (Ministerium f\u00fcr Wirtschaft, Wissenschaft und digitale Gesellschaft)<\/li>\n<li><a href=\"http:\/\/www.migrasax.de\" target=\"_blank\" rel=\"noopener noreferrer\">MigraSAX<\/a> &#8211; MigrantInnen als Wirtschaftsakteure in Sachsen<\/li>\n<li><a href=\"http:\/\/www.slowakei.com\" target=\"_blank\" rel=\"noopener noreferrer\">SLC-Europe s.r.o.<\/a>, Bratislava (Informationen f\u00fcr Unternehmer \/ deutsch)<\/li>\n<li><a href=\"http:\/\/www.sopk.sk\/\" target=\"_blank\" rel=\"noopener noreferrer\">Slowakische Industrie- und Handelskammer<\/a><\/li>\n<li><a href=\"https:\/\/www.dresden.ihk.de\/servlet\/portal?knoten_id=74380&amp;navpfad=3,2515,65242,74380\">Kontaktzentren f\u00fcr Wirtschaftskooperationen zwischen Sachsen, Tschechien, Polen und der Slowakei<\/a> (IHK Dresden \/ Zittau)<\/li>\n<li><a href=\"https:\/\/www.babs.sachsen.de\/kontakt-3995.html\" target=\"_blank\" rel=\"noopener noreferrer\">Beratungsstelle f\u00fcr ausl\u00e4ndische Besch\u00e4ftigte in Sachsen<\/a> (Leipzig\/Dresden) &#8211; <em>Service aj v Sloven\u010dine\/\u010ce\u0161tine<\/em><\/li>\n<\/ul>\n<h6><\/h6>\n<h6><strong>Wissenschaft und Bildung<\/strong><\/h6>\n<ul>\n<li><a href=\"https:\/\/www.daad.de\/laenderinformationen\/slowakei\/de\/\" target=\"_blank\" rel=\"noopener noreferrer\">DAAD<\/a> (mit L\u00e4nderinformationen)<\/li>\n<li><a href=\"http:\/\/www.deutscheschule.sk\/\" target=\"_blank\" rel=\"noopener noreferrer\">Deutsche Schule in Bratislava<\/a><\/li>\n<li><a href=\"http:\/\/www.dt-ds-historikerkommission.de\/\" target=\"_blank\" rel=\"noopener noreferrer\">Deutsch-Tschechische und Deutsch-Slowakische Historikerkommission<\/a><\/li>\n<li><a href=\"http:\/\/www.collegium-carolinum.de\/\" target=\"_blank\" rel=\"noopener noreferrer\">Collegium Carolinum &#8211; Forschungsinstitut f\u00fcr die Geschichte Tschechiens und der Slowakei<\/a><\/li>\n<li><a href=\"https:\/\/www.leibniz-gwzo.de\/de\">Leibniz-Institut f\u00fcr Geschichte und Kultur des \u00f6stlichen Europa (GWZO) e.V.<\/a>, Leipzig<\/li>\n<li><a href=\"http:\/\/www.gfps.org\" target=\"_blank\" rel=\"noopener noreferrer\">Gemeinschaft f\u00fcr studentischen Austausch in Mittel- und Osteuropa e. V.<\/a><\/li>\n<li><a href=\"http:\/\/www.goethe.de\/ins\/sk\/bra\/deindex.htm\" target=\"_blank\" rel=\"noopener noreferrer\">Goethe-Institut Bratislava<\/a><\/li>\n<li><a href=\"http:\/\/www.internationales-buero.de\/de\/1026.php\" target=\"_blank\" rel=\"noopener noreferrer\">Internationales B\u00fcro des Bundesministeriums f\u00fcr Bildung und Forschung<\/a><\/li>\n<li><a href=\"http:\/\/tu-dresden.de\/die_tu_dresden\/zentrale_einrichtungen\/mez\/\" target=\"_blank\" rel=\"noopener noreferrer\">Kulturwissenschaftliches Mitteleuropazentrum<\/a> an der Technische Universit\u00e4t Dresden<\/li>\n<li><a href=\"https:\/\/www.afs.de\/\" target=\"_blank\" rel=\"noopener noreferrer\">Sch\u00fcleraustausch mit der Slowakei &#8211; AFS Interkulturelle Begegnungen e.V.<\/a> &#8211; Aufnahme von Gastsch\u00fclern u.a. aus der Slowakei, Entsendung von Austauschsch\u00fclern in die Slowakei, Gastfamilie werden<\/li>\n<li><a href=\"http:\/\/www.yfu.de\/home\" target=\"_blank\" rel=\"noopener noreferrer\">Sch\u00fcleraustausch mit der Slowakei &#8211; Youth for Understanding Komitee e.V. (YFU) &#8211; Internationaler Jugendaustausch<\/a> &#8211; Aufnahme von Gastsch\u00fclern u.a. aus der Slowakei, Entsendung von Austauschsch\u00fclern in die Slowakei, Gastfamilie werden (<a href=\"http:\/\/slowakei-leipzig.de\/wp-content\/uploads\/2014\/05\/Erfahrungsbericht-Austauschjahr-Slowakei.pdf\">Erfahrungsbericht: Austauschjahr in der Slowakei<\/a>)<\/li>\n<li><a href=\"http:\/\/www.bva.bund.de\/DE\/Organisation\/Abteilungen\/Abteilung_ZfA\/Auslandsschularbeit\/Fachberater\/Europa\/Bratislava\/node.html\" target=\"_blank\" rel=\"noopener noreferrer\">Zentralstelle f\u00fcr Auslandsschulwesen<\/a> der BRD (Fachberaterin in der Slowakei)<\/li>\n<\/ul>\n<h6><strong>Medien<\/strong><\/h6>\n<ul>\n<li><a href=\"http:\/\/jahrbuch-bruecken.com\/\" target=\"_blank\" rel=\"noopener noreferrer\">Br\u00fccken<\/a> &#8211; Germanistisches Jahrbuch Tschechien- Slowakei<\/li>\n<li><a href=\"http:\/\/www.dw.de\/themen\/s-9077\" target=\"_blank\" rel=\"noopener noreferrer\">Deutsche Welle<\/a> (In mehr als 30 Sprachen)<\/li>\n<li><a href=\"http:\/\/www.karpatenblatt.sk\/\" target=\"_blank\" rel=\"noopener noreferrer\">Karpatenblatt <\/a>(Monatsblatt der Deutschen in der Slowakei)<\/li>\n<li><a href=\"http:\/\/www.npz-online.eu\/\" target=\"_blank\" rel=\"noopener noreferrer\">Neue Pressburger Zeitung<\/a> (Das deutschsprachige Magazin aus der Slowakei)<\/li>\n<li><a href=\"http:\/\/pressburger.eu\/\" target=\"_blank\" rel=\"noopener noreferrer\">Pressburger Zeitung<\/a><\/li>\n<li><a href=\"http:\/\/de.rsi.rtvs.sk\/\" target=\"_blank\" rel=\"noopener noreferrer\">Radio Slovakia International<\/a><\/li>\n<li><a href=\"http:\/\/www.slovacivosvete.sk\/\" target=\"_blank\" rel=\"noopener noreferrer\">Slov\u00e1ci vo Svete<\/a><\/li>\n<\/ul>\n<p>Weitere Kontakte finden Sie auch unter <a href=\"http:\/\/www.laenderkontakte.de\/slowakei\" target=\"_blank\" rel=\"noopener noreferrer\">www.laenderkontakte.de.<\/a><\/p>\n","protected":false},"excerpt":{"rendered":"<p>Hier finden Sie Links zu deutschen Institutionen in der Slowakei, slowakischen Institutionen in Deutschland und deutsch-slowakischen Institutionen im Allgemeinen. Die Links sind thematisch sortiert. Kein Anspruch auf Vollst\u00e4ndigkeit. F\u00fcr weiterf\u00fchrende Informationen im Bereich Tourismus und L\u00e4nderinformationen geht es hier weiter. Allgemein Slowakisches Institut Berlin Slowakische Institute (\u00dcbersicht) Deutsch-Tschechische und Slowakische Gesellschaft e.V. (DTSG), Berlin Br\u00fccke\/Most-Stiftung, [&hellip;]<\/p>\n","protected":false},"author":1,"featured_media":0,"parent":85,"menu_order":1,"comment_status":"closed","ping_status":"closed","template":"","meta":{"footnotes":""},"class_list":["post-89","page","type-page","status-publish","hentry"],"_links":{"self":[{"href":"https:\/\/slowakei-leipzig.de\/index.php?rest_route=\/wp\/v2\/pages\/89","targetHints":{"allow":["GET"]}}],"collection":[{"href":"https:\/\/slowakei-leipzig.de\/index.php?rest_route=\/wp\/v2\/pages"}],"about":[{"href":"https:\/\/slowakei-leipzig.de\/index.php?rest_route=\/wp\/v2\/types\/page"}],"author":[{"embeddable":true,"href":"https:\/\/slowakei-leipzig.de\/index.php?rest_route=\/wp\/v2\/users\/1"}],"replies":[{"embeddable":true,"href":"https:\/\/slowakei-leipzig.de\/index.php?rest_route=%2Fwp%2Fv2%2Fcomments&post=89"}],"version-history":[{"count":42,"href":"https:\/\/slowakei-leipzig.de\/index.php?rest_route=\/wp\/v2\/pages\/89\/revisions"}],"predecessor-version":[{"id":2291,"href":"https:\/\/slowakei-leipzig.de\/index.php?rest_route=\/wp\/v2\/pages\/89\/revisions\/2291"}],"up":[{"embeddable":true,"href":"https:\/\/slowakei-leipzig.de\/index.php?rest_route=\/wp\/v2\/pages\/85"}],"wp:attachment":[{"href":"https:\/\/slowakei-leipzig.de\/index.php?rest_route=%2Fwp%2Fv2%2Fmedia&parent=89"}],"curies":[{"name":"wp","href":"https:\/\/api.w.org\/{rel}","templated":true}]}}