{"id":73,"date":"2014-05-15T15:56:25","date_gmt":"2014-05-15T13:56:25","guid":{"rendered":"http:\/\/slowakei-leipzig.de\/?page_id=73"},"modified":"2025-07-16T10:47:40","modified_gmt":"2025-07-16T08:47:40","slug":"aktuellesveranstaltungen","status":"publish","type":"page","link":"https:\/\/slowakei-leipzig.de\/?page_id=73","title":{"rendered":"Aktuelles"},"content":{"rendered":"<p style=\"text-align: center;\">In der Reubrik <span style=\"color: #3366ff;\"><strong><a title=\"Veranstaltungen\" href=\"http:\/\/slowakei-leipzig.de\/?page_id=79\"><span style=\"color: #3366ff;\">VERANSTALTUNGEN<\/span><\/a><\/strong> <\/span>informieren wir \u00fcber vergangene und kommende eigene sowie durch uns unterst\u00fctzte Veranstaltungen haupts\u00e4chlich in Sachsen und Th\u00fcringen.<\/p>\n<p style=\"text-align: center;\">Besuchen Sie uns auf Facebook (<em>auch ohne eignen Account m\u00f6glich<\/em>)<br \/><strong><span style=\"color: #3366ff;\"><a style=\"color: #3366ff;\" href=\"http:\/\/www.facebook.com\/slowakei.leipzig\" target=\"_blank\" rel=\"noopener noreferrer\">www.facebook.com\/slowakei.leipzig<\/a><\/span><\/strong><\/p>\n<p style=\"text-align: center;\">Bitte beachten Sie auch das Angebot des Slowakischen Institutes Berlin unter <strong><span style=\"color: #3366ff;\"><a href=\"http:\/\/www.mzv.sk\/siberlin\"><span style=\"color: #3366ff;\">www.mzv.sk\/siberlin<\/span><\/a><\/span> <\/strong>oder auf <strong><span style=\"color: #3366ff;\"><a href=\"http:\/\/www.facebook.com\/institut.berlin\"><span style=\"color: #3366ff;\">www.facebook.com\/institut.berlin<\/span><\/a><\/span><\/strong> sowie die Veranstaltungen des Vereins <strong><span style=\"color: #3366ff;\"><a style=\"color: #3366ff;\" href=\"http:\/\/www.slovacivsasku.de\/2018\/12\/05\/plan-aktivit-na-rok-2019\/\">Slowaken in Sachsen \/ Slov\u00e1ci v Sasku e. V.<\/a><\/span><\/strong><\/p>\n<p>&nbsp;<\/p>\n<p>Die Vertretung des Honorarkonsuls in Leipzig ist KEIN ordentliches Konsulat, sondern eine ehrenamtliche Repr\u00e4sentanz. <strong>In Pass- und Reiseangelegenheiten kann Ihnen ausschlie\u00dflich die Slowakische Botschaft in Berlin weiterhelfen.<\/strong> Beglaubigungen von Unterschriften und Kopien f\u00fcr die Verwendung in der Slowakei sind m\u00f6glich.<\/p>\n<p><em>Zast\u00fapenie honor\u00e1rneho konzula v Lipsku NIE JE pravideln\u00fdm konzul\u00e1tom, ale dobrovo\u013en\u00fdm zast\u00fapen\u00edm. Iba zastupitelsky \u00farad SR v Berl\u00edne V\u00e1m m\u00f4\u017ee pom\u00f4c\u0165 pri vybavovan\u00ed cestovn\u00fdch dokladov a informovat o obmedzeniach v cestovaniu. Poskytujeme overovanie podpisu alebo k\u00f3pie pre Slovensku republiku.<br \/><\/em><\/p>\n<p>Weitere Informationen finden Sie unter \/ <em>Viac inform\u00e1cii n\u00e1jdete na str\u00e1nkach:<\/em><\/p>\n<p>&#x25b6;&#xfe0f;<a href=\"https:\/\/www.mzv.sk\/web\/berlin\" target=\"_blank\" rel=\"noopener noreferrer\"> Slowakische Botschaft Berlin\/Ve\u013evyslanectvo Slovenskej republiky v Berl\u00edne<\/a><\/p>\n<p>&#x25b6;&#xfe0f; <a href=\"https:\/\/pressburg.diplo.de\/sk-de\" target=\"_blank\" rel=\"noopener noreferrer\">Deutsche Botschaft Bratislava\/<span class=\"logo__title\">Ve\u013evyslanectvo Spolkovej republiky Nemecko<\/span> <span class=\"logo__title\">Bratislava<\/span><\/a><\/p>\n<p>&#x25b6;&#xfe0f; <a href=\"https:\/\/www.auswaertiges-amt.de\/de\/aussenpolitik\/laender\/slowakei-node\/slowakeisicherheit\/206360\" target=\"_blank\" rel=\"noopener noreferrer\">Ausw\u00e4rtiges Amt \/ministerstvo zahrani\u010dia NSR<\/a><\/p>\n<p><a href=\"https:\/\/www.mzv.sk\/aktuality\/koronavirus-2019\" target=\"_blank\" rel=\"noopener noreferrer\">&#x25b6;&#xfe0f; Slowakisches Au\u00dfenministerium \/<\/a><a href=\"https:\/\/www.auswaertiges-amt.de\/de\/aussenpolitik\/laender\/slowakei-node\/slowakeisicherheit\/206360\" target=\"_blank\" rel=\"noopener noreferrer\">ministerstvo zahrani\u010dia SR<\/a><\/p>\n<p>&#x25b6;&#xfe0f; <a href=\"https:\/\/korona.gov.sk\/de\/\" target=\"_blank\" rel=\"noopener noreferrer\">Informationsseiten der Slowakischen Regierung\/inform\u00e1cie Slovenkej vlady<\/a> (teilweise auch auf Deutsch)<\/p>\n<p>&#x25b6;&#xfe0f; Sachsen: <a href=\"https:\/\/www.dresden.ihk.de\/servlet\/pool?knoten_id=74380\" target=\"_blank\" rel=\"noopener noreferrer\">Kontaktzentren f\u00fcr Wirtschaftskooperation zwischen Sachsen, Tschechien, Polen und der Slowakei<\/a><\/p>\n<p><span class=\"aCOpRe\">&#x25b6;&#xfe0f;\u00a0 <a href=\"https:\/\/www.integrationsbeauftragte.de\/ib-de\/service\/fragen-und-antworten\/1731242-1731242?index=1752328\" target=\"_blank\" rel=\"noopener noreferrer\">V\u0161eobecn\u00e9 inform\u00e1cie<\/a><\/span> (v \u010d<span class=\"aCOpRe\">e\u0161tin<\/span>e\/<span class=\"aCOpRe\"> v angli\u010dtine)<\/span><\/p>\n<p>&nbsp;<\/p><\/p>\n","protected":false},"excerpt":{"rendered":"<p>In der Reubrik VERANSTALTUNGEN informieren wir \u00fcber vergangene und kommende eigene sowie durch uns unterst\u00fctzte Veranstaltungen haupts\u00e4chlich in Sachsen und Th\u00fcringen. Besuchen Sie uns auf Facebook (auch ohne eignen Account m\u00f6glich)www.facebook.com\/slowakei.leipzig Bitte beachten Sie auch das Angebot des Slowakischen Institutes Berlin unter www.mzv.sk\/siberlin oder auf www.facebook.com\/institut.berlin sowie die Veranstaltungen des Vereins Slowaken in Sachsen \/ [&hellip;]<\/p>\n","protected":false},"author":1,"featured_media":0,"parent":0,"menu_order":3,"comment_status":"closed","ping_status":"closed","template":"","meta":{"footnotes":""},"class_list":["post-73","page","type-page","status-publish","hentry"],"_links":{"self":[{"href":"https:\/\/slowakei-leipzig.de\/index.php?rest_route=\/wp\/v2\/pages\/73","targetHints":{"allow":["GET"]}}],"collection":[{"href":"https:\/\/slowakei-leipzig.de\/index.php?rest_route=\/wp\/v2\/pages"}],"about":[{"href":"https:\/\/slowakei-leipzig.de\/index.php?rest_route=\/wp\/v2\/types\/page"}],"author":[{"embeddable":true,"href":"https:\/\/slowakei-leipzig.de\/index.php?rest_route=\/wp\/v2\/users\/1"}],"replies":[{"embeddable":true,"href":"https:\/\/slowakei-leipzig.de\/index.php?rest_route=%2Fwp%2Fv2%2Fcomments&post=73"}],"version-history":[{"count":75,"href":"https:\/\/slowakei-leipzig.de\/index.php?rest_route=\/wp\/v2\/pages\/73\/revisions"}],"predecessor-version":[{"id":3015,"href":"https:\/\/slowakei-leipzig.de\/index.php?rest_route=\/wp\/v2\/pages\/73\/revisions\/3015"}],"wp:attachment":[{"href":"https:\/\/slowakei-leipzig.de\/index.php?rest_route=%2Fwp%2Fv2%2Fmedia&parent=73"}],"curies":[{"name":"wp","href":"https:\/\/api.w.org\/{rel}","templated":true}]}}