{"id":70,"date":"2014-05-15T15:55:58","date_gmt":"2014-05-15T13:55:58","guid":{"rendered":"http:\/\/slowakei-leipzig.de\/?page_id=70"},"modified":"2016-09-29T13:17:49","modified_gmt":"2016-09-29T11:17:49","slug":"thueringen-und-die-slowakei","status":"publish","type":"page","link":"https:\/\/slowakei-leipzig.de\/?page_id=70","title":{"rendered":"Th\u00fcringen und die Slowakei"},"content":{"rendered":"<p style=\"text-align: justify;\">Den Freistaat Th\u00fcringen und die Slowakei verbinden vielf\u00e4ltige Beziehungen auf allen Ebenen des gesellschaftlichen Lebens.<\/p>\n<p style=\"text-align: justify;\">Besonderes gegenseitiges Interesse findet der Natur- und Landschaftsschutz. Auch im Bereich Wissenschaft und Bildung gibt es vielf\u00e4ltige Kooperationen, die durch langj\u00e4hrige Partnerschaften zwischen Universit\u00e4ten, Schulen und anderen Bildungstr\u00e4gern gestaltet werden. In Th\u00fcringen gibt es neun St\u00e4dte, die eine St\u00e4dtepartnerschaft in die Slowakei pflegen. Auch das gegenseitige touristische Interesse w\u00e4chst stetig.<\/p>\n<p style=\"text-align: justify;\">Besonders im schulischen Bereich gibt es zahlreiche Kooperationen. Laut dem Th\u00fcringer Ministerium f\u00fcr Bildung, Jugend und Sport unterhalten derzeit 12 Th\u00fcringer Schulen Partnerschaften in die Slowakei. Viele weitere Schulen haben ebenfalls Interesse an einer Partnerschule in der Slowakei angemeldet.<\/p>\n<p style=\"text-align: justify;\">Enge Kooperationen bestehen zudem im kirchlichen und auch sportlichen Bereich (Wandern und Klettern, Handball, Volleyball).<\/p>\n<p style=\"text-align: justify;\">Seit Februar 2004 gibt es mit Unterbrechung ein Honorarkonsulat der Slowakischen Republik in Leipzig, welches f\u00fcr die Freistaaten Th\u00fcringen und Sachsen zust\u00e4ndig ist.<\/p>\n<p style=\"text-align: justify;\">\u00a0<strong>Bev\u00f6lkerung<\/strong><br \/>\nLaut Zensus 2011 lebten in Th\u00fcringen rund 980 Personen mit slowakischem Migrationshintergrund. Das <a href=\"http:\/\/www.iq-thueringen.de\/Broschueren\/Mubit-Broschuere-Internet_2014.pdf\" target=\"_blank\">Netzwerk &#8222;Intergration durch Qualifizierung&#8220; (IQ) Th\u00fcringen<\/a> z\u00e4hlte im Jahr 2013 etwa 717 slowakische Staatsb\u00fcrger im Freistaat (Bericht zu Migration und beruflicher Integration). 2003 waren es noch 271 Personen. Die <a href=\"http:\/\/www.erfurt.de\/ef\/de\/leben\/fuer\/migranten\/ratgeber\/108757.html\" target=\"_blank\">Stadt Erfurt<\/a> z\u00e4hlte 2013 etwa 100 Migranten aus der Slowakei mit Hauptwohnsitz in Erfurt.<br \/>\nNach Angaben der <a href=\"http:\/\/www.laek-thueringen.de\/wcms\/DocsID\/Statistische-Angaben-zur-Landesaerztekammer?OpenDocument\" target=\"_blank\">Landes\u00e4rztekammer Th\u00fcringen<\/a> gab es im Jahr 2015 etwa 96 (2014 noch 99) slowakische \u00c4rzte im Freistaat. Damit sind die Slowaken zusammen mit den Bulgaren nach \u00c4rzten rum\u00e4nischer Staatsangeh\u00f6rigkeit am zweith\u00e4ufigsten vertreten.<\/p>\n<h6><strong>St\u00e4dtepartnerschaften (teilweise ruhend)<\/strong><\/h6>\n<ul>\n<li><a href=\"www.artern.de\" target=\"_blank\">Artern<\/a> und <a href=\"www.topolcany.sk\" target=\"_blank\">Topol\u010dany<\/a> (Kreis Nitra) &#8211; seit 1982\/1992<\/li>\n<li style=\"text-align: left;\"><a href=\"http:\/\/www.gotha.de\" target=\"_blank\">Gotha<\/a> und <a href=\"http:\/\/www.martin.sk\" target=\"_blank\">Martin <\/a>(Kreis \u017dilina)- seit 1997<\/li>\n<li><a href=\"http:\/\/www.gemeinde-langenorla.de\" target=\"_blank\">Langenorla<\/a> und <a href=\"http:\/\/www.bratislava.sk\" target=\"_blank\">Bratislava<\/a> \u2013 seit 1975<\/li>\n<li><a href=\"http:\/\/www.nordhausen.de\" target=\"_blank\">Nordhausen<\/a> (Kreis) und <a href=\"http:\/\/www.krupina.sk\/\" target=\"_blank\">Krupina <\/a>(Kreis Bansk\u00e1 Bystica) &#8211; seit 1997<\/li>\n<li><a href=\"http:\/\/www.sangerhausen.de\/\" target=\"_blank\">Sangerhausen<\/a> und <a href=\"http:\/\/www.trnava.sk\" target=\"_blank\">Trnava<\/a><\/li>\n<li><a href=\"http:\/\/www.soemmerda.de\/\" target=\"_blank\">S\u00f6mmerda<\/a> und <a href=\"http:\/\/www.rimavskasobota.sk\/\" target=\"_blank\">Rimavsk\u00e1 Sobota <\/a>(Kreis Bansk\u00e1 Bystrica) \u2013 seit 1987<\/li>\n<li><a href=\"http:\/\/www.ohrdruf.de\/\" target=\"_blank\">Ohrdruf<\/a> und <a href=\"http:\/\/www.sucany.sk\/\" target=\"_blank\">Su\u010dany<\/a> (Kreis \u017dilina) &#8211; seit 2000<\/li>\n<li>Teistungen (<a href=\"http:\/\/www.lindenberg-eichsfeld.de\" target=\"_blank\">Eichsfeld\/Lindenberg-Gemeindeverwaltungsverband<\/a>) und <a href=\"http:\/\/www.dobsina.sk\" target=\"_blank\">Dob\u0161in\u00e1<\/a> (Kreis Ko\u0161ice) &#8211; seit 1999<\/li>\n<li>Wehnde (<a href=\"http:\/\/www.lindenberg-eichsfeld.de\" target=\"_blank\">Eichsfeld\/Lindenberg-Gemeindeverwaltungsverband<\/a>) und <a href=\"http:\/\/www.vysnaslana.sk\/15\" target=\"_blank\">Vy\u0161n\u00e1 Slana<\/a> \u2013 seit 2001<\/li>\n<\/ul>\n<h6><strong>Schulpartnerschaften\/Projektpartner<\/strong><\/h6>\n<ul>\n<li><a href=\"http:\/\/www.bechsteinschule-gotha.de\/\" target=\"_blank\">Ludwig-Bechstein-Grundschule<\/a> in Gotha und die<a href=\"http:\/\/www.zsuzhorodska.s\" target=\"_blank\"> Z\u00e1kladn\u00e1 \u0161kola U\u017ehorodsk\u00e1<\/a> in Ko\u0161ice<\/li>\n<li><a href=\"http:\/\/rs.conrad-ekhof.gotha.de\/\" target=\"_blank\">Staatliche Regelschule &#8222;Conrad Ekhof&#8220;<\/a> in Gotha und die <a href=\"http:\/\/zsdubceka.edupage.org\/\" target=\"_blank\">Z\u00e1kladn\u00e1 \u0161kola \u00b4A. Dub\u010dek\u00b4<\/a> in Martin<\/li>\n<li><a href=\"http:\/\/www.roetleinschule.de\/\" target=\"_blank\">R\u00f6tlein-Regelschule<\/a> in Zeulenroda und die<a href=\"http:\/\/www.zskupeckeho.eu\/\" target=\"_blank\"> Z\u00e1kladn\u00e1 \u0161kola<\/a> (Kupeck\u00e9ho 74) in Pezinok<\/li>\n<li><a href=\"http:\/\/www.schulportal-thueringen.de\/web\/guest\/schools\/overview?tspi=229\" target=\"_blank\">Staatliches regionales F\u00f6rderzentrum &#8222;Lucas-Cranach-Schule&#8220;<\/a> in Gotha und die <a href=\"http:\/\/www.zshurbanova.sk\/\" target=\"_blank\">Z\u00e1kladn\u00e1 \u0161kola s materskou \u0161kolou<\/a> (Hurbanov\u00e1) in Martin<\/li>\n<li><a href=\"http:\/\/www.schulportal-thueringen.de\/web\/guest\/schools\/overview?tspi=211\" target=\"_blank\">Staatliches regionales F\u00f6rderzentrum &#8222;An der Salza&#8220;<\/a> in Bad Langensalza und die Z\u00e1kladn\u00e1 \u0161kola s materskou \u0161kolou na Ul. J.D. Matejovie in Liptovsk\u00fd Hr\u00e1dok<\/li>\n<li><a href=\"http:\/\/www.gym-amlindenberg.de\/\" target=\"_blank\">Staatliches Gymnasium &#8222;Am Lindenberg&#8220;<\/a> in Ilmenau und das <a href=\"http:\/\/gympoltar.edupage.org\/\" target=\"_blank\">Gymn\u00e1zium Polt\u00e1r<\/a> in Polt\u00e1r<\/li>\n<li><a href=\"http:\/\/www.fljg-grossengottern.de\/\" target=\"_blank\">Friedrich-Ludwig-Jahn-Gymnasium<\/a> in Gro\u00dfengottern und das <a href=\"https:\/\/ekgym.edupage.org\/\" target=\"_blank\">Evanjelick\u00e9 kolegi\u00e1lne Gymn\u00e1zium<\/a> in Pre\u0161ov<\/li>\n<li><a href=\"http:\/\/www.naedergymnasium.de\/\" target=\"_blank\">Staatliches Gymnasium &#8222;Dr. Max N\u00e4der&#8220;<\/a> in K\u00f6nigsee und das <a href=\"http:\/\/www.srobarka.sk\/\" target=\"_blank\">Gymn\u00e1zium \u0160rob\u00e1rova in Ko\u0161ice<\/a><\/li>\n<li><a href=\"http:\/\/www.sbz-gotha-west.de\/\" target=\"_blank\">Staatliches Berufsschulzentrum &#8222;Gotha West&#8220; <\/a>in Gotha und die <a href=\"http:\/\/sosmt.edupage.sk\/\" target=\"_blank\">Stredn\u00e1 odborn\u00e1 \u0161kola obchodu a slu\u017eieb<\/a> in Martin<\/li>\n<li><a href=\"http:\/\/www.stoyschule.de\/\" target=\"_blank\">Karl-Volkmar-Stoy-Schule<\/a> in Jena und die <a href=\"http:\/\/www.sssdetva.edu.sk\/sk\" target=\"_blank\">Spojen\u00e1 stredn\u00e1 \u0161kola<\/a> in Detva<\/li>\n<li><a href=\"http:\/\/www.sbsz-jena.de\/\" target=\"_blank\">Staatliches Berufsbildendes Schulzentrum<\/a> in Jena-G\u00f6schwitz und die <a href=\"http:\/\/www.soshotel.sk\/\" target=\"_blank\">Zdru\u017een\u00e1 stredn\u00e1 \u0161kola slu\u017eieb <\/a>in Zvolen<\/li>\n<li><a href=\"http:\/\/www.sbsz-jena.de\/\" target=\"_blank\">Staatliches Berufsbildendes Schulzentrum<\/a> in Jena-G\u00f6schwitz und die <a href=\"http:\/\/www.sssdetva.edu.sk\" target=\"_blank\">Spojen\u00e1 \u0161kola in Detva<\/a><\/li>\n<\/ul>\n","protected":false},"excerpt":{"rendered":"<p>Den Freistaat Th\u00fcringen und die Slowakei verbinden vielf\u00e4ltige Beziehungen auf allen Ebenen des gesellschaftlichen Lebens. Besonderes gegenseitiges Interesse findet der Natur- und Landschaftsschutz. Auch im Bereich Wissenschaft und Bildung gibt es vielf\u00e4ltige Kooperationen, die durch langj\u00e4hrige Partnerschaften zwischen Universit\u00e4ten, Schulen und anderen Bildungstr\u00e4gern gestaltet werden. In Th\u00fcringen gibt es neun St\u00e4dte, die eine St\u00e4dtepartnerschaft in [&hellip;]<\/p>\n","protected":false},"author":1,"featured_media":0,"parent":64,"menu_order":2,"comment_status":"closed","ping_status":"closed","template":"","meta":{"footnotes":""},"class_list":["post-70","page","type-page","status-publish","hentry"],"_links":{"self":[{"href":"https:\/\/slowakei-leipzig.de\/index.php?rest_route=\/wp\/v2\/pages\/70","targetHints":{"allow":["GET"]}}],"collection":[{"href":"https:\/\/slowakei-leipzig.de\/index.php?rest_route=\/wp\/v2\/pages"}],"about":[{"href":"https:\/\/slowakei-leipzig.de\/index.php?rest_route=\/wp\/v2\/types\/page"}],"author":[{"embeddable":true,"href":"https:\/\/slowakei-leipzig.de\/index.php?rest_route=\/wp\/v2\/users\/1"}],"replies":[{"embeddable":true,"href":"https:\/\/slowakei-leipzig.de\/index.php?rest_route=%2Fwp%2Fv2%2Fcomments&post=70"}],"version-history":[{"count":17,"href":"https:\/\/slowakei-leipzig.de\/index.php?rest_route=\/wp\/v2\/pages\/70\/revisions"}],"predecessor-version":[{"id":614,"href":"https:\/\/slowakei-leipzig.de\/index.php?rest_route=\/wp\/v2\/pages\/70\/revisions\/614"}],"up":[{"embeddable":true,"href":"https:\/\/slowakei-leipzig.de\/index.php?rest_route=\/wp\/v2\/pages\/64"}],"wp:attachment":[{"href":"https:\/\/slowakei-leipzig.de\/index.php?rest_route=%2Fwp%2Fv2%2Fmedia&parent=70"}],"curies":[{"name":"wp","href":"https:\/\/api.w.org\/{rel}","templated":true}]}}