{"id":51,"date":"2014-05-15T15:50:52","date_gmt":"2014-05-15T13:50:52","guid":{"rendered":"http:\/\/slowakei-leipzig.de\/?page_id=51"},"modified":"2025-12-08T12:46:09","modified_gmt":"2025-12-08T10:46:09","slug":"mitarbeiterinnen","status":"publish","type":"page","link":"https:\/\/slowakei-leipzig.de\/?page_id=51","title":{"rendered":"Mitarbeiter\/Innen"},"content":{"rendered":"<p><span style=\"color: #000000;\"><strong>Mitarbeiter f\u00fcr honorarkonsularische Angelegenheiten<\/strong><\/span><br \/>\n<strong>Herr Jan Wachter<\/strong><br \/>\nTelefon: +49 (0)341 231062-54<\/p>\n<p>Sprachen: Deutsch, Englisch, Tschechisch, Franz\u00f6sisch, Russisch<\/p>\n<p><strong>E-mail: <\/strong>honorarkonsul( at )slowakei-leipzig.de<\/p>\n<p>Das B\u00fcro des Honorarkonsul befindet sich in den R\u00e4umlichkeiten der<\/p>\n<p><strong>Kanzlei GRUENDELPARTNER<br \/>\nRechstanw\u00e4lte Steuerberater Wirtschaftspr\u00fcfer PartGmbB <\/strong><\/p>\n<p><strong>Sekretariat Dr. Albrecht Tintelnot<\/strong><br \/>\n<strong>Frau Jessamyn Grzybek<\/strong><br \/>\nTelefon: +49 (0)341 231062-54<\/p>\n<p>Sprachen: Deutsch, Englisch<\/p>\n","protected":false},"excerpt":{"rendered":"<p>Mitarbeiter f\u00fcr honorarkonsularische Angelegenheiten Herr Jan Wachter Telefon: +49 (0)341 231062-54 Sprachen: Deutsch, Englisch, Tschechisch, Franz\u00f6sisch, Russisch E-mail: honorarkonsul( at )slowakei-leipzig.de Das B\u00fcro des Honorarkonsul befindet sich in den R\u00e4umlichkeiten der Kanzlei GRUENDELPARTNER Rechstanw\u00e4lte Steuerberater Wirtschaftspr\u00fcfer PartGmbB Sekretariat Dr. Albrecht Tintelnot Frau Jessamyn Grzybek Telefon: +49 (0)341 231062-54 Sprachen: Deutsch, Englisch<\/p>\n","protected":false},"author":1,"featured_media":0,"parent":42,"menu_order":2,"comment_status":"closed","ping_status":"closed","template":"","meta":{"footnotes":""},"class_list":["post-51","page","type-page","status-publish","hentry"],"_links":{"self":[{"href":"https:\/\/slowakei-leipzig.de\/index.php?rest_route=\/wp\/v2\/pages\/51","targetHints":{"allow":["GET"]}}],"collection":[{"href":"https:\/\/slowakei-leipzig.de\/index.php?rest_route=\/wp\/v2\/pages"}],"about":[{"href":"https:\/\/slowakei-leipzig.de\/index.php?rest_route=\/wp\/v2\/types\/page"}],"author":[{"embeddable":true,"href":"https:\/\/slowakei-leipzig.de\/index.php?rest_route=\/wp\/v2\/users\/1"}],"replies":[{"embeddable":true,"href":"https:\/\/slowakei-leipzig.de\/index.php?rest_route=%2Fwp%2Fv2%2Fcomments&post=51"}],"version-history":[{"count":30,"href":"https:\/\/slowakei-leipzig.de\/index.php?rest_route=\/wp\/v2\/pages\/51\/revisions"}],"predecessor-version":[{"id":3040,"href":"https:\/\/slowakei-leipzig.de\/index.php?rest_route=\/wp\/v2\/pages\/51\/revisions\/3040"}],"up":[{"embeddable":true,"href":"https:\/\/slowakei-leipzig.de\/index.php?rest_route=\/wp\/v2\/pages\/42"}],"wp:attachment":[{"href":"https:\/\/slowakei-leipzig.de\/index.php?rest_route=%2Fwp%2Fv2%2Fmedia&parent=51"}],"curies":[{"name":"wp","href":"https:\/\/api.w.org\/{rel}","templated":true}]}}