{"id":45,"date":"2014-05-15T15:50:05","date_gmt":"2014-05-15T13:50:05","guid":{"rendered":"http:\/\/slowakei-leipzig.de\/?page_id=45"},"modified":"2016-02-16T13:32:41","modified_gmt":"2016-02-16T11:32:41","slug":"kurze-geschichte","status":"publish","type":"page","link":"https:\/\/slowakei-leipzig.de\/?page_id=45","title":{"rendered":"Honorarkonsularische Vertretung in Leipzig"},"content":{"rendered":"<h5><strong>Zur Geschichte slowakischer Vertretungen in Leipzig<br \/>\n<\/strong><\/h5>\n<p style=\"text-align: justify;\">Zwischen den Jahren 2003 und 2011 gab es in der Person Wolfgang F. Eschments, dem ehemaligen Vorstandsmitglied der Verbundnetz Gas AG Leipzig (VNG), erstmals einen Honorarkonsul f\u00fcr die Slowakische Republik in Leipzig. Herr Eschment setzte sich stets mit gro\u00dfem Engagement f\u00fcr die Beziehungen zur Slowakei ein. Nicht zuletzt durch die engen Kontakte der VNG in die Slowakei konnte ein wichtiges Netzwerk geschaffen werden.<\/p>\n<p style=\"text-align: justify;\">Im Jahre 2012 fanden erstmals Gespr\u00e4che zwischen dem Rechtsanwalt Dr. Albrecht Tintelnot und dem damaligen Botschafter der Slowakischen Republik, seiner Exzellenz Igor Slobodn\u00edk a.D., zur Er\u00f6ffnung einer neuen Vertretung der Slowakei in Leipzig statt. Seit dem 11. Juli 2013 konnte Herr Dr. Tintelnot als zuk\u00fcnftiger Honorarkonsul bereits bestehende Kontakte wiederbeleben, Gespr\u00e4che f\u00fchren und seinen Amtsantritt vorbereiten. Am 13. Februar 2014 wurde er im Rahmen eines Festaktes im Leipziger Neuen Rathaus, zu dem zahlreiche G\u00e4ste aus Diplomatie, Politik und Wirtschaft geladen waren, feierlich zum Honorarkonsul der Slowakischen Republik im Freistaat Sachsen und im Freistaat Th\u00fcringen ernannt. Neben dem s\u00e4chsischen stellvertretenden Ministerpr\u00e4sidenten Sven Morlock und der Th\u00fcringer Staatssekret\u00e4rin Hildigund Neubert war auch der slowakische Bildungsminister PhDr. Du\u0161an \u010caplovi\u010d gekommen. Die Er\u00f6ffnung einer neuen Vertretung der Slowakei in Leipzig, der (zu dem Zeitpunkt) f\u00fcnften neben Botschaft und Generalkonsulat, ist ein wichtiges Zeichen f\u00fcr die bilaterale und europ\u00e4ische Zusammenarbeit und setzt eine lange Tradition der s\u00e4chsisch-th\u00fcringisch-slowakischen Beziehungen fort.<\/p>\n<dl id=\"attachment_797\" class=\"wp-caption aligncenter\" style=\"width: 457px;\">\n<dt class=\"wp-caption-dt\"><a href=\"http:\/\/slowakei-leipzig.de\/wp-content\/uploads\/2014\/05\/Amtseinf\u00fchrung_2014_Karpatenblatt.png\"><img loading=\"lazy\" decoding=\"async\" class=\" wp-image-797\" src=\"http:\/\/slowakei-leipzig.de\/wp-content\/uploads\/2014\/05\/Amtseinf\u00fchrung_2014_Karpatenblatt.png\" alt=\"Karpatenpost - Internetausgabe - Mai 2014\" width=\"447\" height=\"445\" srcset=\"https:\/\/slowakei-leipzig.de\/wp-content\/uploads\/2014\/05\/Amtseinf\u00fchrung_2014_Karpatenblatt.png 764w, https:\/\/slowakei-leipzig.de\/wp-content\/uploads\/2014\/05\/Amtseinf\u00fchrung_2014_Karpatenblatt-150x150.png 150w, https:\/\/slowakei-leipzig.de\/wp-content\/uploads\/2014\/05\/Amtseinf\u00fchrung_2014_Karpatenblatt-300x300.png 300w, https:\/\/slowakei-leipzig.de\/wp-content\/uploads\/2014\/05\/Amtseinf\u00fchrung_2014_Karpatenblatt-100x100.png 100w\" sizes=\"auto, (max-width: 447px) 100vw, 447px\" \/><\/a><\/dt>\n<dd class=\"wp-caption-dd\"><em>Karpatenpost &#8211; Internetausgabe &#8211; Mai 2014<\/em><\/dd>\n<\/dl>\n","protected":false},"excerpt":{"rendered":"<p>Zur Geschichte slowakischer Vertretungen in Leipzig Zwischen den Jahren 2003 und 2011 gab es in der Person Wolfgang F. Eschments, dem ehemaligen Vorstandsmitglied der Verbundnetz Gas AG Leipzig (VNG), erstmals einen Honorarkonsul f\u00fcr die Slowakische Republik in Leipzig. Herr Eschment setzte sich stets mit gro\u00dfem Engagement f\u00fcr die Beziehungen zur Slowakei ein. Nicht zuletzt durch [&hellip;]<\/p>\n","protected":false},"author":1,"featured_media":0,"parent":42,"menu_order":0,"comment_status":"closed","ping_status":"closed","template":"","meta":{"footnotes":""},"class_list":["post-45","page","type-page","status-publish","hentry"],"_links":{"self":[{"href":"https:\/\/slowakei-leipzig.de\/index.php?rest_route=\/wp\/v2\/pages\/45","targetHints":{"allow":["GET"]}}],"collection":[{"href":"https:\/\/slowakei-leipzig.de\/index.php?rest_route=\/wp\/v2\/pages"}],"about":[{"href":"https:\/\/slowakei-leipzig.de\/index.php?rest_route=\/wp\/v2\/types\/page"}],"author":[{"embeddable":true,"href":"https:\/\/slowakei-leipzig.de\/index.php?rest_route=\/wp\/v2\/users\/1"}],"replies":[{"embeddable":true,"href":"https:\/\/slowakei-leipzig.de\/index.php?rest_route=%2Fwp%2Fv2%2Fcomments&post=45"}],"version-history":[{"count":21,"href":"https:\/\/slowakei-leipzig.de\/index.php?rest_route=\/wp\/v2\/pages\/45\/revisions"}],"predecessor-version":[{"id":1050,"href":"https:\/\/slowakei-leipzig.de\/index.php?rest_route=\/wp\/v2\/pages\/45\/revisions\/1050"}],"up":[{"embeddable":true,"href":"https:\/\/slowakei-leipzig.de\/index.php?rest_route=\/wp\/v2\/pages\/42"}],"wp:attachment":[{"href":"https:\/\/slowakei-leipzig.de\/index.php?rest_route=%2Fwp%2Fv2%2Fmedia&parent=45"}],"curies":[{"name":"wp","href":"https:\/\/api.w.org\/{rel}","templated":true}]}}