{"id":42,"date":"2014-05-15T15:49:30","date_gmt":"2014-05-15T13:49:30","guid":{"rendered":"http:\/\/slowakei-leipzig.de\/?page_id=42"},"modified":"2015-05-06T21:29:56","modified_gmt":"2015-05-06T19:29:56","slug":"ueber-uns","status":"publish","type":"page","link":"https:\/\/slowakei-leipzig.de\/?page_id=42","title":{"rendered":"\u00dcber uns"},"content":{"rendered":"<p>Liebe Besucherin, lieber Besucher,<\/p>\n<p>herzlich willkommen auf der Webseite des Honorarkonsuls der Slowakischen Republik in Leipzig. Als Honorarkonsul bin ich Vermittler im Dialog zwischen der Slowakei und Deutschland. Zu meinen Konsularbezirken geh\u00f6ren die Freistaaten Sachsen und Th\u00fcringen, die nicht nur durch die geographische N\u00e4he und gemeinsame historische Erfahrungen mit der Slowakei eng verbunden sind. Viele pers\u00f6nliche Beziehungen und Kontakte tragen neben den offiziellen bilateralen Kooperationen beider Staaten zu gegenseitigem Verst\u00e4ndnis und einem lebendigen Austausch zwischen Wirtschaft und Wissenschaft, Kultur\u00a0 und Politik bei.<\/p>\n<p><a href=\"http:\/\/slowakei-leipzig.de\/wp-content\/uploads\/2014\/05\/Bratislava-8_Michaelsturm.jpg\"><img loading=\"lazy\" decoding=\"async\" class=\"size-thumbnail wp-image-359 alignleft\" src=\"http:\/\/slowakei-leipzig.de\/wp-content\/uploads\/2014\/05\/Bratislava-8_Michaelsturm-150x150.jpg\" alt=\"Bratislava (8)_Michaelsturm\" width=\"150\" height=\"150\" srcset=\"https:\/\/slowakei-leipzig.de\/wp-content\/uploads\/2014\/05\/Bratislava-8_Michaelsturm-150x150.jpg 150w, https:\/\/slowakei-leipzig.de\/wp-content\/uploads\/2014\/05\/Bratislava-8_Michaelsturm-100x100.jpg 100w\" sizes=\"auto, (max-width: 150px) 100vw, 150px\" \/><\/a> <a href=\"http:\/\/slowakei-leipzig.de\/wp-content\/uploads\/2014\/05\/banska-b_02.jpg\"><img loading=\"lazy\" decoding=\"async\" class=\"size-thumbnail wp-image-358 alignleft\" src=\"http:\/\/slowakei-leipzig.de\/wp-content\/uploads\/2014\/05\/banska-b_02-150x150.jpg\" alt=\"banska-b_02\" width=\"150\" height=\"150\" srcset=\"https:\/\/slowakei-leipzig.de\/wp-content\/uploads\/2014\/05\/banska-b_02-150x150.jpg 150w, https:\/\/slowakei-leipzig.de\/wp-content\/uploads\/2014\/05\/banska-b_02-100x100.jpg 100w\" sizes=\"auto, (max-width: 150px) 100vw, 150px\" \/><\/a> <a href=\"http:\/\/slowakei-leipzig.de\/wp-content\/uploads\/2014\/04\/Kosice-15_Dom-St.-Elisabeth.jpg\"><img loading=\"lazy\" decoding=\"async\" class=\"size-thumbnail wp-image-278 alignleft\" src=\"http:\/\/slowakei-leipzig.de\/wp-content\/uploads\/2014\/04\/Kosice-15_Dom-St.-Elisabeth-150x150.jpg\" alt=\"Kosice (15)_Dom St. Elisabeth\" width=\"150\" height=\"150\" srcset=\"https:\/\/slowakei-leipzig.de\/wp-content\/uploads\/2014\/04\/Kosice-15_Dom-St.-Elisabeth-150x150.jpg 150w, https:\/\/slowakei-leipzig.de\/wp-content\/uploads\/2014\/04\/Kosice-15_Dom-St.-Elisabeth-100x100.jpg 100w\" sizes=\"auto, (max-width: 150px) 100vw, 150px\" \/><\/a><\/p>\n<p>&nbsp;<\/p>\n<p>&nbsp;<\/p>\n<p>&nbsp;<\/p>\n<p>&nbsp;<\/p>\n<p>Diese Webseite richtet sich nicht nur an Slowakische B\u00fcrger, die sich in Deutschland aufhalten, oder hier gar ein neues Zuhause gefunden haben. Auch deutschen Unternehmen und Institutionen, die mehr \u00fcber die Slowakei und ihre M\u00f6glichkeiten erfahren m\u00f6chten, soll sie eine Anlaufstelle sein. Deutsche Touristen und Interessierte, k\u00f6nnen sich ein erstes Bild vom Reiseland Slowakei machen und viele n\u00fctzliche Informationen finden.<\/p>\n<p>Gerne stehen wir Ihnen im Rahmen unserer M\u00f6glichkeiten auch f\u00fcr pers\u00f6nliche Beratung zur Verf\u00fcgung.<\/p>\n<p>Dr. Albrecht Tintelnot<br \/>\nHonorarkonsul der Slowakischen Republik<\/p>\n","protected":false},"excerpt":{"rendered":"<p>Liebe Besucherin, lieber Besucher, herzlich willkommen auf der Webseite des Honorarkonsuls der Slowakischen Republik in Leipzig. Als Honorarkonsul bin ich Vermittler im Dialog zwischen der Slowakei und Deutschland. Zu meinen Konsularbezirken geh\u00f6ren die Freistaaten Sachsen und Th\u00fcringen, die nicht nur durch die geographische N\u00e4he und gemeinsame historische Erfahrungen mit der Slowakei eng verbunden sind. Viele [&hellip;]<\/p>\n","protected":false},"author":1,"featured_media":0,"parent":0,"menu_order":0,"comment_status":"closed","ping_status":"closed","template":"","meta":{"footnotes":""},"class_list":["post-42","page","type-page","status-publish","hentry"],"_links":{"self":[{"href":"https:\/\/slowakei-leipzig.de\/index.php?rest_route=\/wp\/v2\/pages\/42","targetHints":{"allow":["GET"]}}],"collection":[{"href":"https:\/\/slowakei-leipzig.de\/index.php?rest_route=\/wp\/v2\/pages"}],"about":[{"href":"https:\/\/slowakei-leipzig.de\/index.php?rest_route=\/wp\/v2\/types\/page"}],"author":[{"embeddable":true,"href":"https:\/\/slowakei-leipzig.de\/index.php?rest_route=\/wp\/v2\/users\/1"}],"replies":[{"embeddable":true,"href":"https:\/\/slowakei-leipzig.de\/index.php?rest_route=%2Fwp%2Fv2%2Fcomments&post=42"}],"version-history":[{"count":21,"href":"https:\/\/slowakei-leipzig.de\/index.php?rest_route=\/wp\/v2\/pages\/42\/revisions"}],"predecessor-version":[{"id":834,"href":"https:\/\/slowakei-leipzig.de\/index.php?rest_route=\/wp\/v2\/pages\/42\/revisions\/834"}],"wp:attachment":[{"href":"https:\/\/slowakei-leipzig.de\/index.php?rest_route=%2Fwp%2Fv2%2Fmedia&parent=42"}],"curies":[{"name":"wp","href":"https:\/\/api.w.org\/{rel}","templated":true}]}}