{"id":411,"date":"2014-06-01T13:58:53","date_gmt":"2014-06-01T11:58:53","guid":{"rendered":"http:\/\/slowakei-leipzig.de\/?page_id=411"},"modified":"2023-12-05T13:31:24","modified_gmt":"2023-12-05T11:31:24","slug":"tourismus-2","status":"publish","type":"page","link":"https:\/\/slowakei-leipzig.de\/?page_id=411","title":{"rendered":"L\u00e4nderinformationen"},"content":{"rendered":"<p><strong>Offizielle Bezeichnung:<\/strong> Slowakische Republik (SR)<br \/>\n<strong>Gr\u00fcndung:<\/strong> 1. Januar 1993<br \/>\n<strong>Amtssprache: <\/strong>Slowakisch<br \/>\n<strong>Hauptstadt: <\/strong>Bratislava (476 922 Einwohner \/ 2022)<br \/>\n<strong>W\u00e4hrung:<\/strong> EURO (seit dem 1.1.2009, vorher die Slowakische Krone SKK)<\/p>\n<p>Ab 1. Juli bis 31. Dezember 2016 \u00fcbernnahm die Slowakei zum ersten Mal in der Geschichte den Vorsitz des Rates der Europ\u00e4ischen Union. <a href=\"http:\/\/www.eu2016.sk\" target=\"_blank\" rel=\"noopener noreferrer\">www.eu2016.sk<\/a><\/p>\n<p><strong>Ausdehnung:<\/strong> 49 035 km2<br \/>\nDie Mitte und den Norden des Landes bedecken Gebirge (Karpatenbogen), f\u00fcr den S\u00fcden und Osten sind Ebenen typisch (wichtige landwirtschaftliche Gebiete). Der bedeutendste slowakische Fluss, die Donau, verbindet die Hauptstadt der Slowakei\u00a0 mit zwei Hauptst\u00e4dten der Nachbarstaaten \u2013 Wien und Budapest.<br \/>\n<strong>Lage:<\/strong> Mitteleuropa<br \/>\n<strong>Grenzen mit Nachbarstaaten:<\/strong> Ungarn (679 km), Polen (597,5 km), Tschechische Republik (265 km), \u00d6sterreich (127,2 km), Ukraine (98 km)<\/p>\n<p><strong>Einwohnerzahl:<\/strong> 5 449 270 (<a href=\"https:\/\/www.scitanie.sk\/\" target=\"_blank\" rel=\"noopener\">2021<\/a>)<br \/>\n<strong>Bev\u00f6lkerungsdichte:<\/strong> 110\/km2<br \/>\n<strong>Nationalit\u00e4ten:<\/strong> Slowaken (85,8%), Ungarn (9,7%), Roma (1,7%), Tschechen (0,8%), Ruthenen, Ukrainer, Deutsche, Polen und sonstige (2%)<br \/>\n<strong>Religionen:<\/strong><br \/>\n-Gl\u00e4ubige ungef\u00e4hr 84,1%, davon: r\u00f6mischkatholisch (68,9%), evangelisch (6,9%), griechischkatholisch (4,1%), reformierte Christen (2%),\u00a0orthodox (1%)<br \/>\n-andere, ohne Angabe 4,1%<br \/>\n-ohne Religion etwa 13%<\/p>\n<p><strong>Politisches System:<\/strong> parlamentarische Demokratie<br \/>\n<strong>Pr\u00e4sident:<\/strong> \u00a0 Zuzana \u010caputov\u00e1<br \/>\n<strong>Staatssymbole:<\/strong> Staatswappen, Flagge, Siegel und Hymne \u201eNad Tatrou sa bl\u00fdska\u201c<\/p>\n<p><strong>Mitgliedschaft in internationalen Organisationen:<\/strong> EU (seit 1. Mai 2004), NATO, UNO, UNESCO, OECD, OSCE, CERN, WHO, INTERPOL usw.<\/p>\n<h5><span style=\"color: #000000;\"><strong>Deutsche Vertretungen in der Slowakei<\/strong><\/span><\/h5>\n<h6><strong>Botschaft der Bundesrepublik Deutschland<\/strong><\/h6>\n<p>au\u00dferordentliche und bevollm\u00e4chtigte Botschafterin: Barbara Wolf (seit Aug. 2020)<\/p>\n<p>Hviezdoslavovo n\u00e1m. 10, SR-813 03 Bratislava, Slowakische\u00a0 Republik<br \/>\nTel.: +421 &#8211; 2 &#8211; 5920 4400 \/ 4440<br \/>\nE-Mail: info( at )pressburg.diplo.de<br \/>\n<a class=\"external\" title=\"http:\/\/www.pressburg.diplo.de\" href=\"http:\/\/www.pressburg.diplo.de\" target=\"_blank\" rel=\"noopener noreferrer\">www.pressburg.diplo.de<\/a><\/p>\n<p>Besuchszeiten der Rechts- und Konsularabteilung:<\/p>\n<ul>\n<li class=\"rte__list-item\">Mo &#8211; Fr: 09:00 &#8211; 12:00 Uhr<\/li>\n<li class=\"rte__list-item\">sowie nach Vereinbarung <em class=\"rte__emphasis\">(per Telefon oder E-Mail)<\/em><\/li>\n<\/ul>\n<h6><strong>Honorarkonsuln der Bundesrepublik Deutschland<br \/>\n<\/strong><\/h6>\n<p><strong>Honorarkonsul Peter Lazar<\/strong><br \/>\nBezirke \u017dilina und Bansk\u00e1 Bystrica<\/p>\n<p>Priemyseln\u00e1 14, 012 32 \u017dilina, Slowakische Republik<br \/>\nTel: +421-41 50 60 115<br \/>\nFax: +421-41 50 60 225<br \/>\nEmail: zilina( at )hk-diplo.de<br \/>\n<a href=\"https:\/\/pressburg.diplo.de\/sk-de\/botschaft\/honorarkonsuln\/-\/1442316?openAccordionId=item-1504604-0-panel\">Homepage<\/a><\/p>\n<p>\u00d6ffnungszeiten: Montag, Mittwoch und Freitag von 09:00 \u2013 12:00 Uhr<\/p>\n<p><strong>Weiterf\u00fchrende Informationen<\/strong><\/p>\n<div class=\"block\">\n<ul class=\"verweisliste\">\n<li><a href=\"http:\/\/www.auswaertiges-amt.de\/sid_A54C3AE1A44D8641613720C9284FB17F\/DE\/Aussenpolitik\/Laender\/Laenderinfos\/01-Nodes_Uebersichtsseiten\/Slowakei_node.html\">Homepage des Ausw\u00e4rtigen Amtes<\/a><br \/>\n(deutsch)<\/li>\n<li><a href=\"http:\/\/www.government.gov.sk\/\">Homepage der Slowakischen Republik<\/a><br \/>\n(slowakisch\/englisch)<\/li>\n<li><a href=\"http:\/\/visit.bratislava.sk\/de\/\">Homepage der Hauptstadt Bratislava<\/a><br \/>\n(deutsch\/englisch\/slowakisch)<\/li>\n<\/ul>\n<\/div>\n","protected":false},"excerpt":{"rendered":"<p>Offizielle Bezeichnung: Slowakische Republik (SR) Gr\u00fcndung: 1. Januar 1993 Amtssprache: Slowakisch Hauptstadt: Bratislava (476 922 Einwohner \/ 2022) W\u00e4hrung: EURO (seit dem 1.1.2009, vorher die Slowakische Krone SKK) Ab 1. Juli bis 31. Dezember 2016 \u00fcbernnahm die Slowakei zum ersten Mal in der Geschichte den Vorsitz des Rates der Europ\u00e4ischen Union. www.eu2016.sk Ausdehnung: 49 035 [&hellip;]<\/p>\n","protected":false},"author":1,"featured_media":0,"parent":57,"menu_order":1,"comment_status":"closed","ping_status":"closed","template":"","meta":{"footnotes":""},"class_list":["post-411","page","type-page","status-publish","hentry"],"_links":{"self":[{"href":"https:\/\/slowakei-leipzig.de\/index.php?rest_route=\/wp\/v2\/pages\/411","targetHints":{"allow":["GET"]}}],"collection":[{"href":"https:\/\/slowakei-leipzig.de\/index.php?rest_route=\/wp\/v2\/pages"}],"about":[{"href":"https:\/\/slowakei-leipzig.de\/index.php?rest_route=\/wp\/v2\/types\/page"}],"author":[{"embeddable":true,"href":"https:\/\/slowakei-leipzig.de\/index.php?rest_route=\/wp\/v2\/users\/1"}],"replies":[{"embeddable":true,"href":"https:\/\/slowakei-leipzig.de\/index.php?rest_route=%2Fwp%2Fv2%2Fcomments&post=411"}],"version-history":[{"count":12,"href":"https:\/\/slowakei-leipzig.de\/index.php?rest_route=\/wp\/v2\/pages\/411\/revisions"}],"predecessor-version":[{"id":2811,"href":"https:\/\/slowakei-leipzig.de\/index.php?rest_route=\/wp\/v2\/pages\/411\/revisions\/2811"}],"up":[{"embeddable":true,"href":"https:\/\/slowakei-leipzig.de\/index.php?rest_route=\/wp\/v2\/pages\/57"}],"wp:attachment":[{"href":"https:\/\/slowakei-leipzig.de\/index.php?rest_route=%2Fwp%2Fv2%2Fmedia&parent=411"}],"curies":[{"name":"wp","href":"https:\/\/api.w.org\/{rel}","templated":true}]}}