{"id":57,"date":"2014-05-15T15:52:23","date_gmt":"2014-05-15T13:52:23","guid":{"rendered":"http:\/\/slowakei-leipzig.de\/?page_id=57"},"modified":"2025-07-16T10:30:41","modified_gmt":"2025-07-16T08:30:41","slug":"ueber-die-slowakei","status":"publish","type":"page","link":"http:\/\/slowakei-leipzig.de\/?page_id=57","title":{"rendered":"Die Slowakei und Deutschland"},"content":{"rendered":"<h4 class=\"wp-block-heading\"><strong>Informationen des Ausw\u00e4rtigen Amtes<\/strong><\/h4>\n<p class=\"has-black-color has-text-color has-medium-font-size\">Die deutsch-slowakischen Beziehungen sind freundschaftlich und eng. Rechtsgrundlage ist der deutsch-tschechoslowakische Nachbarschaftsvertrag vom 27. Februar 1992, den die Slowakische Republik als einer der beiden Nachfolgestaaten der \u010cSFR fortf\u00fchrt.<\/p>\n<p class=\"has-black-color has-text-color has-medium-font-size\">Beide L\u00e4nder arbeiten eng zusammen, <abbr class=\"rte__abbreviation\" title=\"unter anderem\">u.a.<\/abbr> im Rahmen des bilateralen Gespr\u00e4chsformats \u201eVertiefter Dialog\u201c beider Regierungen. Die von den Au\u00dfenministerien beider L\u00e4nder gegr\u00fcndete und einmal j\u00e4hrlich tagende Deutsch-Slowakische Reflexionsgruppe kann Themen f\u00fcr die Zusammenarbeit und gemeinsame Projekte empfehlen.<\/p>\n<p class=\"has-black-color has-text-color has-medium-font-size\">Deutschland und die Slowakei sind enge Partner in der <abbr class=\"rte__abbreviation\" title=\"Europ\u00e4ische Union\">EU<\/abbr> und <abbr class=\"rte__abbreviation\" title=\"Nordatlantikvertrags-Organisation\">NATO<\/abbr>, denen die Slowakei 2004 beigetreten ist. Bundespr\u00e4sident Steinmeier weilte 2021 und 2022 zu offiziellen Besuchen in der Slowakei. <\/p>\n<p class=\"has-black-color has-text-color has-medium-font-size\">Wie in den Vorjahren war Deutschland 2022 der wichtigste Handelspartner der Slowakei \u2013 beim Export ebenso wie beim Import. Insgesamt haben in der Slowakischen Republik seit ihrer Gr\u00fcndung 1993 ca. 600 deutsche Firmen investiert und ca. 160.000 Arbeitspl\u00e4tze geschaffen. Sie geh\u00f6ren damit zu den wichtigsten ausl\u00e4ndischen Direktinvestoren in der Slowakei.<\/p>\n<p class=\"has-black-color has-text-color has-medium-font-size\">Die kulturellen und gesellschaftlichen Beziehungen zwischen Deutschland und der Slowakei sind eng und vielf\u00e4ltig. Es findet ein reger Austausch in allen kulturellen Bereichen auf staatlicher Ebene, mit privaten Stiftungen sowie \u00fcber private Kontakte statt. Deutsche Mittlerorganisationen wie das Goethe-Institut, der <abbr class=\"rte__abbreviation\" title=\"Deutscher Akademischer Austauschdienst\">DAAD<\/abbr> und die <abbr class=\"rte__abbreviation\" title=\"Zentralstelle f\u00fcr das Auslandsschulwesen\">ZfA<\/abbr> sind mit zahlreichen Aktivit\u00e4ten pr\u00e4sent. Nach Englisch ist Deutsch in den Schulen die zweitwichtigste Fremdsprache und eine bedeutende Grundlage f\u00fcr die engen Beziehungen zwischen beiden L\u00e4ndern. Das <abbr class=\"rte__abbreviation\" title=\"Partnerschulinitiative\">PASCH<\/abbr>-Netzwerk umfasst 40 Schulen, die aus Deutschland unterst\u00fctzt werden.<\/p>\n<p><strong>Quelle:<\/strong> <a href=\"https:\/\/www.auswaertiges-amt.de\/de\/service\/laender\/slowakei-node\/bilateral\/206366\" target=\"_blank\" rel=\"noopener\">Ausw\u00e4rtiges Amt<\/a> (Stand: M\u00e4rz 2024)<\/p><\/p>\n","protected":false},"excerpt":{"rendered":"<p>Informationen des Ausw\u00e4rtigen Amtes Die deutsch-slowakischen Beziehungen sind freundschaftlich und eng. Rechtsgrundlage ist der deutsch-tschechoslowakische Nachbarschaftsvertrag vom 27. Februar 1992, den die Slowakische Republik als einer der beiden Nachfolgestaaten der \u010cSFR fortf\u00fchrt. Beide L\u00e4nder arbeiten eng zusammen, u.a. im Rahmen des bilateralen Gespr\u00e4chsformats \u201eVertiefter Dialog\u201c beider Regierungen. Die von den Au\u00dfenministerien beider L\u00e4nder gegr\u00fcndete und [&hellip;]<\/p>\n","protected":false},"author":1,"featured_media":0,"parent":0,"menu_order":1,"comment_status":"closed","ping_status":"closed","template":"","meta":{"footnotes":""},"class_list":["post-57","page","type-page","status-publish","hentry"],"_links":{"self":[{"href":"http:\/\/slowakei-leipzig.de\/index.php?rest_route=\/wp\/v2\/pages\/57","targetHints":{"allow":["GET"]}}],"collection":[{"href":"http:\/\/slowakei-leipzig.de\/index.php?rest_route=\/wp\/v2\/pages"}],"about":[{"href":"http:\/\/slowakei-leipzig.de\/index.php?rest_route=\/wp\/v2\/types\/page"}],"author":[{"embeddable":true,"href":"http:\/\/slowakei-leipzig.de\/index.php?rest_route=\/wp\/v2\/users\/1"}],"replies":[{"embeddable":true,"href":"http:\/\/slowakei-leipzig.de\/index.php?rest_route=%2Fwp%2Fv2%2Fcomments&post=57"}],"version-history":[{"count":33,"href":"http:\/\/slowakei-leipzig.de\/index.php?rest_route=\/wp\/v2\/pages\/57\/revisions"}],"predecessor-version":[{"id":3009,"href":"http:\/\/slowakei-leipzig.de\/index.php?rest_route=\/wp\/v2\/pages\/57\/revisions\/3009"}],"wp:attachment":[{"href":"http:\/\/slowakei-leipzig.de\/index.php?rest_route=%2Fwp%2Fv2%2Fmedia&parent=57"}],"curies":[{"name":"wp","href":"https:\/\/api.w.org\/{rel}","templated":true}]}}