{"id":417,"date":"2014-06-01T13:59:28","date_gmt":"2014-06-01T11:59:28","guid":{"rendered":"http:\/\/slowakei-leipzig.de\/?page_id=417"},"modified":"2023-06-27T13:29:35","modified_gmt":"2023-06-27T11:29:35","slug":"bildung-und-kultur","status":"publish","type":"page","link":"http:\/\/slowakei-leipzig.de\/?page_id=417","title":{"rendered":"Kultur und Bildung"},"content":{"rendered":"<p>Ausf\u00fchrliche Informationen zu den bilateralen Beziehungen im Bereich Kultur und Bildung finden Sie auch auf den Seiten der<a href=\"http:\/\/www.pressburg.diplo.de\/Vertretung\/pressburg\/de\/06\/Bilaterale__Kulturbeziehungen\/__Bilaterale__Kulturbeziehunge.html\" target=\"_blank\" rel=\"noopener\"> Deutschen Botschaft in Bratislava<\/a>.<\/p>\n<hr \/>\n<h4><strong>Informationen des Ausw\u00e4rtigen Amtes der Bundesrepublik Deutschland<\/strong><\/h4>\n<p>Stand: M\u00e4rz 2015<\/p>\n<h6><strong>Kultur<\/strong><\/h6>\n<p style=\"text-align: justify;\">Die slowakische Kultur ist durch das jahrhundertelange Miteinander slawischer, deutscher, \u00f6sterreichischer und ungarischer Kultur gepr\u00e4gt worden. Vielf\u00e4ltige Spuren davon lassen sich in Architektur, Traditionen und im Sprachgebrauch finden.<\/p>\n<p style=\"text-align: justify;\">So sind einige historisch bedeutende St\u00e4tten Teil des <abbr title=\"United Nations Educational, Scientific and Cultural Organisation\">UNESCO<\/abbr>-Weltkulturerbes, wie z.B. die Zipser Burg, die Bergbaustadt Bansk\u00e1 \u0160tiavnica, das Bauerndorf in Vlkol\u00ednec oder die Holzkirchen des Karpatenbogens. Slowakische Spezialit\u00e4ten, wie z.B. das Geb\u00e4ck \u201eTrdeln\u00edk\u201c oder der Brimsenk\u00e4se, erhielten die geographische Schutzbezeichnung der <abbr title=\"Europ\u00e4ische Union\">EU<\/abbr>.<\/p>\n<p style=\"text-align: justify;\">Die Dichtkunst mit ihren bekanntesten Vertretern L&#8217;udov\u00edt \u0160t\u00far und Pavol O. Hviezdoslav hat einen bedeutenden Beitrag zur Entwicklung der nationalen Identit\u00e4t geleistet. Auf den beliebten, allj\u00e4hrlichen Folklorefestivals, z.B. in Detva oder in V\u00fdchodn\u00e1 leben Volkst\u00e4nze in Trachten und Volksmusik aus allen Regionen wieder auf.<\/p>\n<p style=\"text-align: justify;\">Die Slowakei ist besonders bekannt als Heimatland einer Reihe herausragender Operns\u00e4nger, unter ihnen Miroslav Dvorsk\u00fd, Dalibor Jenis oder Edita Gruberov\u00e1. Unter den zeitgen\u00f6ssischen Schriftstellern der Slowakei ist der 1976 geborene Michal Hvoreck\u00fd zu nennen, dessen B\u00fccher auch ins Deutsche \u00fcbersetzt werden.<\/p>\n<p style=\"text-align: justify;\">Eishockey ist die beliebteste Sportart in der Slowakei und zieht bei Eishockeyweltmeisterschaften die gesamte Aufmerksamkeit des Landes auf sich. Daneben spielt auch Fu\u00dfball eine bedeutende Rolle.<\/p>\n<p style=\"text-align: justify;\">Die Slowakei ist Heimat vieler autochthoner Minderheiten, darunter Ungarn (rund 9 Prozent), Roma (rund 7 Prozent), Karpatendeutsche und Ruthenen.<\/p>\n<p style=\"text-align: justify;\">Der Kulturaustausch zwischen Deutschland und der Slowakei basiert auf dem bilateralen Abkommen \u00fcber die kulturelle Zusammenarbeit vom 1. Mai 1997 (in Kraft getreten am 28. Mai 1998). Der Schwerpunkt liegt in der F\u00f6rderung der deutschen Sprache, aber auch im akademischen und schulischen Austausch und kulturellen Veranstaltungen. Auf diesen Gebieten engagieren sich u.a. das Goethe-Institut, der Deutsche Akademische Austauschdienst (DAAD), die Zentralstelle f\u00fcr das Auslandsschulwesen und die Alexander-von-Humboldt-Stiftung.<\/p>\n<p style=\"text-align: justify;\">Ein weiteres Bindeglied zwischen beiden L\u00e4ndern ist die karpatendeutsche Minderheit in der Slowakei, zu der sich rund 4.700 Slowaken bekennen und die von der Bundesrepublik bei kulturellen, bildungspolitischen sowie gemeinschaftsf\u00f6rdernden Aktivit\u00e4ten unterst\u00fctzt wird. Die deutsche Minderheit ist kulturell, gesellschaftlich und wirtschaftlich gut integriert. Sie hebt sich damit von anderen Minderheiten zum Teil positiv ab und genie\u00dft daher allgemeine Wertsch\u00e4tzung. Dies hat aber auch zur Folge, dass sie trotz der Unterst\u00fctzung aus der Bundesrepublik l\u00e4ngerfristig ihre Identit\u00e4t verlieren wird.<\/p>\n<h6 style=\"text-align: justify;\"><strong>Bildung<\/strong><\/h6>\n<p style=\"text-align: justify;\">Das Ministerium f\u00fcr Bildung, Wissenschaft, Forschung und Sport ist f\u00fcr die allgemeine Schulbildung, Berufsausbildung, Hochschulbildung und berufliche Fortbildung zust\u00e4ndig. Die Verantwortung f\u00fcr das Schulmanagement tragen aber weitgehend die regionalen Selbstverwaltungsorgane und Kreisschul\u00e4mter. Priorit\u00e4re Ziele einer Neuordnung der Bildungspolitik sind die St\u00e4rkung der Naturwissenschaften an den Hochschulen und die Einf\u00fchrung eines dualen Systems in der Berufsschulbildung.<\/p>\n<p style=\"text-align: justify;\">F\u00fcr die Zeit vor Beginn der Schulpflicht ist vor f\u00fcnf Jahren eine ein Jahr andauernde kostenlose Vorschulpflicht eingef\u00fchrt worden. Die allgemeine Schulpflicht beginnt im Alter von sechs Jahren und betr\u00e4gt zehn Jahre. Alle Kinder besuchen in den ersten f\u00fcnf Jahren gemeinsam eine Grundschule. Danach gibt es die M\u00f6glichkeit, auf ein 8-j\u00e4hriges Gymnasium zu wechseln &#8211; oder aber an der bisherigen Schule zu bleiben und erst nach Abschluss der neunten Klasse ein Gymnasium, eine Fachmittel- oder Berufsschule zu besuchen.<\/p>\n<p style=\"text-align: justify;\">Der Zugang zum Gymnasium erfolgt nur \u00fcber eine bestandene Aufnahmepr\u00fcfung. Es wird mit dem Abitur abgeschlossen. Auch an Fachmittel- und Berufsschulen kann teilweise das Abitur erworben werden.<\/p>\n<p style=\"text-align: justify;\">Das Abitur ist Voraussetzung f\u00fcr eine Aufnahmepr\u00fcfung an allen Universit\u00e4ten und Hochschulen. Letztere sind private Hochschulen, die auf bestimmte Gebiete spezialisiert sind (Recht, Wirtschaft, Technik, Gesundheitswesen). Das slowakische Abitur wird auch in Deutschland anerkannt.<\/p>\n<p style=\"text-align: justify;\">Deutsch als Fremdsprache nimmt in der Slowakei weiterhin nach dem Englischen und weit vor dem Russischen die zweite Position ein. Die im Jahr 2005 gegr\u00fcndete Deutsch-Slowakische Begegnungsschule in Bratislava befindet sich im Aufbau. Im Jahr 2016 soll dort erstmals das Abitur abgelegt werden. An der bilingualen Abteilung des Gymnasiums in Poprad erwerben jedes Jahr zwischen 50 und 60 Sch\u00fclerinnen und Sch\u00fcler ein deutsches Abitur. Au\u00dferdem k\u00f6nnen im Rahme des Programms Deutsche Partnerschulen Sch\u00fcler an 25 ausgew\u00e4hlten Gymnasien das Deutsche Sprachdiplom der Kultusministerkonferenz (DSD Stufe II) ablegen und damit ohne weitere Deutschpr\u00fcfung an deutschen Universit\u00e4ten oder Fachhochschulen ein Studium beginnen. F\u00fcnf Sprachdiplomschulen bieten bisher ausschlie\u00dflich das einfachere Deutsche Sprachdiplom (DSD) der Stufe I an.<\/p>\n<h6 style=\"text-align: justify;\"><strong>Medien<\/strong><\/h6>\n<p style=\"text-align: justify;\">Die Medienlandschaft in der Slowakei ist im Hinblick auf den relativ kleinen Markt \u00fcberschaubar und mit anderen europ\u00e4ischen Presselandschaften kaum zu vergleichen. Bekannte Tageszeitungen sind \u201eSME\u201c und \u201ePravda\u201c, die Wirtschaftszeitung \u201eHospod\u00e1rske Noviny\u201c und die Boulevardzeitungen \u201eNov\u00fd \u010cas\u201c und \u201ePlus jeden de\u0148\u201c. Seit Anfang Februar 2015 erscheint als weitere Tageszeitung Dennik N als liberales Organ, das sich mit einer Konzentration auf Grundsatzartikel und Kommentare abhebt. In gut sortierten Kiosken findet man insbesondere tschechische Presseorgane aller Art, die wegen der sprachlichen N\u00e4he mit dem Slowakischen ohne weiteres gelesen und verstanden werden.<\/p>\n<p style=\"text-align: justify;\">Deutschsprachige Medien aus der Slowakei sind vertreten mit den Monatszeitschriften \u201eDas Karpatenblatt\u201c und der \u201ePressburger Zeitung\u201c. Deutsche Politik wird \u00fcberproportional und regelm\u00e4\u00dfig in der slowakischen Presse thematisiert, die ansonsten eher innenpolitische Themen in den Vordergrund r\u00fcckt.<\/p>\n<p style=\"text-align: justify;\">Anfang 2011 wurden die \u00f6ffentlich-rechtlichen Anstalten f\u00fcr Fernsehen und Radio (Slovenska Televizia &#8211; STV, Slovensky Rozhlas &#8211; SRo) zum \u00f6ffentlich-rechtlichen Gemeinschaftsunternehmen \u201eRadio und Fernsehen der Slowakei\u201c (Rozhlas a Televizia Slovenska \u2013 RTVS) fusioniert. Die \u00f6ffentlich-rechtlichen Sender der Slowakei stehen unter starkem Konkurrenzdruck der kommerziellen Privatsender. Ganzt\u00e4tig sendet der Privatsender TA 3 nach dem Muster internationaler Fernsehsender Nachrichten und politische Sendungen in der Form von Interviews und auch Talkshows. Sowohl Regierung wie Opposition haben Gelegenheit ihre Positionen ausf\u00fchrlich darzulegen, politisch Interessierte haben die M\u00f6glichkeit sich in einem freien und offenen Meinungsklima zu informieren Auch kommerzielle deutsche Fernsehsender sowie die Deutsche Welle k\u00f6nnen in TV-Kabelnetzen empfangen werden, nicht jedoch ARD und ZDF.<\/p>\n<p style=\"text-align: justify;\"><em><strong>Hinweis: <\/strong>Dieser Text stellt eine Basisinformation dar. Er wird regelm\u00e4\u00dfig aktualisiert. Eine Gew\u00e4hr f\u00fcr die Richtigkeit und Vollst\u00e4ndigkeit der Angaben kann nicht \u00fcbernommen werden.\u00a0<\/em><\/p>\n<p>Quelle:<a href=\"http:\/\/www.auswaertiges-amt.de\/DE\/Aussenpolitik\/Laender\/Laenderinfos\/Slowakei\/Kultur-UndBildungspolitik_node.html\" target=\"_blank\" rel=\"noopener\"> Homepage des Ausw\u00e4rtigen Amtes<\/a><\/p>\n","protected":false},"excerpt":{"rendered":"<p>Ausf\u00fchrliche Informationen zu den bilateralen Beziehungen im Bereich Kultur und Bildung finden Sie auch auf den Seiten der Deutschen Botschaft in Bratislava. Informationen des Ausw\u00e4rtigen Amtes der Bundesrepublik Deutschland Stand: M\u00e4rz 2015 Kultur Die slowakische Kultur ist durch das jahrhundertelange Miteinander slawischer, deutscher, \u00f6sterreichischer und ungarischer Kultur gepr\u00e4gt worden. Vielf\u00e4ltige Spuren davon lassen sich in [&hellip;]<\/p>\n","protected":false},"author":1,"featured_media":0,"parent":57,"menu_order":3,"comment_status":"closed","ping_status":"closed","template":"","meta":{"footnotes":""},"class_list":["post-417","page","type-page","status-publish","hentry"],"_links":{"self":[{"href":"http:\/\/slowakei-leipzig.de\/index.php?rest_route=\/wp\/v2\/pages\/417","targetHints":{"allow":["GET"]}}],"collection":[{"href":"http:\/\/slowakei-leipzig.de\/index.php?rest_route=\/wp\/v2\/pages"}],"about":[{"href":"http:\/\/slowakei-leipzig.de\/index.php?rest_route=\/wp\/v2\/types\/page"}],"author":[{"embeddable":true,"href":"http:\/\/slowakei-leipzig.de\/index.php?rest_route=\/wp\/v2\/users\/1"}],"replies":[{"embeddable":true,"href":"http:\/\/slowakei-leipzig.de\/index.php?rest_route=%2Fwp%2Fv2%2Fcomments&post=417"}],"version-history":[{"count":6,"href":"http:\/\/slowakei-leipzig.de\/index.php?rest_route=\/wp\/v2\/pages\/417\/revisions"}],"predecessor-version":[{"id":2691,"href":"http:\/\/slowakei-leipzig.de\/index.php?rest_route=\/wp\/v2\/pages\/417\/revisions\/2691"}],"up":[{"embeddable":true,"href":"http:\/\/slowakei-leipzig.de\/index.php?rest_route=\/wp\/v2\/pages\/57"}],"wp:attachment":[{"href":"http:\/\/slowakei-leipzig.de\/index.php?rest_route=%2Fwp%2Fv2%2Fmedia&parent=417"}],"curies":[{"name":"wp","href":"https:\/\/api.w.org\/{rel}","templated":true}]}}